{"id":14415,"date":"2017-05-10T13:38:41","date_gmt":"2017-05-10T12:38:41","guid":{"rendered":"http:\/\/www.endless-hills.de\/?page_id=14415"},"modified":"2017-06-20T09:15:11","modified_gmt":"2017-06-20T08:15:11","slug":"14415-2","status":"publish","type":"page","link":"https:\/\/www.endless-hills.de\/?page_id=14415","title":{"rendered":"Quenchless Love &#8211; vergeben"},"content":{"rendered":"<p>darksable H\u00fcndin mit Blesse<\/p>\n<p>geboren 3.45 Uhr mit 160 g<\/p>\n<p>Unsere kleine Entdeckerin wird im neuen zu Hause Queenie gerufen. Sie zieht ins sch\u00f6ne \u00d6sterreich und wird bei ganz lieben Menschen ihr Leben mit einer Border Collie H\u00fcndin teilen.<\/p>\n<p><!-- default-view.php -->\n<div\n\tclass=\"ngg-galleryoverview default-view\n\t ngg-ajax-pagination-none\t\"\n\tid=\"ngg-gallery-f0c29a67417a36414482367e11e37213-1\"\n\tdata-gallery-id=\"175\">\n\n\t\t<!-- Thumbnails -->\n\t\t\t\t<div id=\"ngg-image-0\" class=\"ngg-gallery-thumbnail-box\n\t\t\t\t\t\t\t\t\t\t\t\"\n\t\t\t>\n\t\t\t\t\t\t<div class=\"ngg-gallery-thumbnail\">\n\t\t\t<a href=\"https:\/\/www.endless-hills.de\/wp-content\/gallery\/Quenchless-Love\/fullsizeoutput_2fc1.jpeg\"\n\t\t\t\ttitle=\"\"\n\t\t\t\tdata-src=\"https:\/\/www.endless-hills.de\/wp-content\/gallery\/Quenchless-Love\/fullsizeoutput_2fc1.jpeg\"\n\t\t\t\tdata-thumbnail=\"https:\/\/www.endless-hills.de\/wp-content\/gallery\/Quenchless-Love\/thumbs\/thumbs_fullsizeoutput_2fc1.jpeg\"\n\t\t\t\tdata-image-id=\"9203\"\n\t\t\t\tdata-title=\"fullsizeoutput_2fc1\"\n\t\t\t\tdata-description=\"\"\n\t\t\t\tdata-image-slug=\"fullsizeoutput_2fc1\"\n\t\t\t\t\t\t\t\t\t\t\t\t\t\t\t\t\t\t\t\tclass=\"shutterset_f0c29a67417a36414482367e11e37213\">\n\t\t\t\t\t\t\t\t<img\n\t\t\t\t\ttitle=\"fullsizeoutput_2fc1\"\n\t\t\t\t\talt=\"fullsizeoutput_2fc1\"\n\t\t\t\t\tsrc=\"https:\/\/www.endless-hills.de\/wp-content\/gallery\/Quenchless-Love\/thumbs\/thumbs_fullsizeoutput_2fc1.jpeg\"\n\t\t\t\t\twidth=\"300\"\n\t\t\t\t\theight=\"300\"\n\t\t\t\t\tstyle=\"max-width:100%;\"\n\t\t\t\t\/>\n\t\t\t<\/a>\n\t\t<\/div>\n\t\t\t\t\t\t\t<\/div>\n\t\t\t\n\t\t\t\t<div id=\"ngg-image-1\" class=\"ngg-gallery-thumbnail-box\n\t\t\t\t\t\t\t\t\t\t\t\"\n\t\t\t>\n\t\t\t\t\t\t<div class=\"ngg-gallery-thumbnail\">\n\t\t\t<a href=\"https:\/\/www.endless-hills.de\/wp-content\/gallery\/Quenchless-Love\/fullsizeoutput_2fc0.jpeg\"\n\t\t\t\ttitle=\"\"\n\t\t\t\tdata-src=\"https:\/\/www.endless-hills.de\/wp-content\/gallery\/Quenchless-Love\/fullsizeoutput_2fc0.jpeg\"\n\t\t\t\tdata-thumbnail=\"https:\/\/www.endless-hills.de\/wp-content\/gallery\/Quenchless-Love\/thumbs\/thumbs_fullsizeoutput_2fc0.jpeg\"\n\t\t\t\tdata-image-id=\"9202\"\n\t\t\t\tdata-title=\"fullsizeoutput_2fc0\"\n\t\t\t\tdata-description=\"\"\n\t\t\t\tdata-image-slug=\"fullsizeoutput_2fc0\"\n\t\t\t\t\t\t\t\t\t\t\t\t\t\t\t\t\t\t\t\tclass=\"shutterset_f0c29a67417a36414482367e11e37213\">\n\t\t\t\t\t\t\t\t<img\n\t\t\t\t\ttitle=\"fullsizeoutput_2fc0\"\n\t\t\t\t\talt=\"fullsizeoutput_2fc0\"\n\t\t\t\t\tsrc=\"https:\/\/www.endless-hills.de\/wp-content\/gallery\/Quenchless-Love\/thumbs\/thumbs_fullsizeoutput_2fc0.jpeg\"\n\t\t\t\t\twidth=\"300\"\n\t\t\t\t\theight=\"300\"\n\t\t\t\t\tstyle=\"max-width:100%;\"\n\t\t\t\t\/>\n\t\t\t<\/a>\n\t\t<\/div>\n\t\t\t\t\t\t\t<\/div>\n\t\t\t\n\t\t\t\t<div id=\"ngg-image-2\" class=\"ngg-gallery-thumbnail-box\n\t\t\t\t\t\t\t\t\t\t\t\"\n\t\t\t>\n\t\t\t\t\t\t<div class=\"ngg-gallery-thumbnail\">\n\t\t\t<a href=\"https:\/\/www.endless-hills.de\/wp-content\/gallery\/Quenchless-Love\/fullsizeoutput_2fbf.jpeg\"\n\t\t\t\ttitle=\"\"\n\t\t\t\tdata-src=\"https:\/\/www.endless-hills.de\/wp-content\/gallery\/Quenchless-Love\/fullsizeoutput_2fbf.jpeg\"\n\t\t\t\tdata-thumbnail=\"https:\/\/www.endless-hills.de\/wp-content\/gallery\/Quenchless-Love\/thumbs\/thumbs_fullsizeoutput_2fbf.jpeg\"\n\t\t\t\tdata-image-id=\"9201\"\n\t\t\t\tdata-title=\"fullsizeoutput_2fbf\"\n\t\t\t\tdata-description=\"\"\n\t\t\t\tdata-image-slug=\"fullsizeoutput_2fbf\"\n\t\t\t\t\t\t\t\t\t\t\t\t\t\t\t\t\t\t\t\tclass=\"shutterset_f0c29a67417a36414482367e11e37213\">\n\t\t\t\t\t\t\t\t<img\n\t\t\t\t\ttitle=\"fullsizeoutput_2fbf\"\n\t\t\t\t\talt=\"fullsizeoutput_2fbf\"\n\t\t\t\t\tsrc=\"https:\/\/www.endless-hills.de\/wp-content\/gallery\/Quenchless-Love\/thumbs\/thumbs_fullsizeoutput_2fbf.jpeg\"\n\t\t\t\t\twidth=\"300\"\n\t\t\t\t\theight=\"300\"\n\t\t\t\t\tstyle=\"max-width:100%;\"\n\t\t\t\t\/>\n\t\t\t<\/a>\n\t\t<\/div>\n\t\t\t\t\t\t\t<\/div>\n\t\t\t\n\t\t\t\t<div id=\"ngg-image-3\" class=\"ngg-gallery-thumbnail-box\n\t\t\t\t\t\t\t\t\t\t\t\"\n\t\t\t>\n\t\t\t\t\t\t<div class=\"ngg-gallery-thumbnail\">\n\t\t\t<a href=\"https:\/\/www.endless-hills.de\/wp-content\/gallery\/Quenchless-Love\/fullsizeoutput_2fbe.jpeg\"\n\t\t\t\ttitle=\"\"\n\t\t\t\tdata-src=\"https:\/\/www.endless-hills.de\/wp-content\/gallery\/Quenchless-Love\/fullsizeoutput_2fbe.jpeg\"\n\t\t\t\tdata-thumbnail=\"https:\/\/www.endless-hills.de\/wp-content\/gallery\/Quenchless-Love\/thumbs\/thumbs_fullsizeoutput_2fbe.jpeg\"\n\t\t\t\tdata-image-id=\"9200\"\n\t\t\t\tdata-title=\"fullsizeoutput_2fbe\"\n\t\t\t\tdata-description=\"\"\n\t\t\t\tdata-image-slug=\"fullsizeoutput_2fbe\"\n\t\t\t\t\t\t\t\t\t\t\t\t\t\t\t\t\t\t\t\tclass=\"shutterset_f0c29a67417a36414482367e11e37213\">\n\t\t\t\t\t\t\t\t<img\n\t\t\t\t\ttitle=\"fullsizeoutput_2fbe\"\n\t\t\t\t\talt=\"fullsizeoutput_2fbe\"\n\t\t\t\t\tsrc=\"https:\/\/www.endless-hills.de\/wp-content\/gallery\/Quenchless-Love\/thumbs\/thumbs_fullsizeoutput_2fbe.jpeg\"\n\t\t\t\t\twidth=\"300\"\n\t\t\t\t\theight=\"300\"\n\t\t\t\t\tstyle=\"max-width:100%;\"\n\t\t\t\t\/>\n\t\t\t<\/a>\n\t\t<\/div>\n\t\t\t\t\t\t\t<\/div>\n\t\t\t\n\t\t\t\t<div id=\"ngg-image-4\" class=\"ngg-gallery-thumbnail-box\n\t\t\t\t\t\t\t\t\t\t\t\"\n\t\t\t>\n\t\t\t\t\t\t<div class=\"ngg-gallery-thumbnail\">\n\t\t\t<a href=\"https:\/\/www.endless-hills.de\/wp-content\/gallery\/Quenchless-Love\/fullsizeoutput_2fbd.jpeg\"\n\t\t\t\ttitle=\"\"\n\t\t\t\tdata-src=\"https:\/\/www.endless-hills.de\/wp-content\/gallery\/Quenchless-Love\/fullsizeoutput_2fbd.jpeg\"\n\t\t\t\tdata-thumbnail=\"https:\/\/www.endless-hills.de\/wp-content\/gallery\/Quenchless-Love\/thumbs\/thumbs_fullsizeoutput_2fbd.jpeg\"\n\t\t\t\tdata-image-id=\"9199\"\n\t\t\t\tdata-title=\"fullsizeoutput_2fbd\"\n\t\t\t\tdata-description=\"\"\n\t\t\t\tdata-image-slug=\"fullsizeoutput_2fbd\"\n\t\t\t\t\t\t\t\t\t\t\t\t\t\t\t\t\t\t\t\tclass=\"shutterset_f0c29a67417a36414482367e11e37213\">\n\t\t\t\t\t\t\t\t<img\n\t\t\t\t\ttitle=\"fullsizeoutput_2fbd\"\n\t\t\t\t\talt=\"fullsizeoutput_2fbd\"\n\t\t\t\t\tsrc=\"https:\/\/www.endless-hills.de\/wp-content\/gallery\/Quenchless-Love\/thumbs\/thumbs_fullsizeoutput_2fbd.jpeg\"\n\t\t\t\t\twidth=\"300\"\n\t\t\t\t\theight=\"300\"\n\t\t\t\t\tstyle=\"max-width:100%;\"\n\t\t\t\t\/>\n\t\t\t<\/a>\n\t\t<\/div>\n\t\t\t\t\t\t\t<\/div>\n\t\t\t\n\t\t\t\t<div id=\"ngg-image-5\" class=\"ngg-gallery-thumbnail-box\n\t\t\t\t\t\t\t\t\t\t\t\"\n\t\t\t>\n\t\t\t\t\t\t<div class=\"ngg-gallery-thumbnail\">\n\t\t\t<a href=\"https:\/\/www.endless-hills.de\/wp-content\/gallery\/Quenchless-Love\/DSC_0372.JPG\"\n\t\t\t\ttitle=\"\"\n\t\t\t\tdata-src=\"https:\/\/www.endless-hills.de\/wp-content\/gallery\/Quenchless-Love\/DSC_0372.JPG\"\n\t\t\t\tdata-thumbnail=\"https:\/\/www.endless-hills.de\/wp-content\/gallery\/Quenchless-Love\/thumbs\/thumbs_DSC_0372.JPG\"\n\t\t\t\tdata-image-id=\"9070\"\n\t\t\t\tdata-title=\"DSC_0372\"\n\t\t\t\tdata-description=\"\"\n\t\t\t\tdata-image-slug=\"dsc_0372-2\"\n\t\t\t\t\t\t\t\t\t\t\t\t\t\t\t\t\t\t\t\tclass=\"shutterset_f0c29a67417a36414482367e11e37213\">\n\t\t\t\t\t\t\t\t<img\n\t\t\t\t\ttitle=\"DSC_0372\"\n\t\t\t\t\talt=\"DSC_0372\"\n\t\t\t\t\tsrc=\"https:\/\/www.endless-hills.de\/wp-content\/gallery\/Quenchless-Love\/thumbs\/thumbs_DSC_0372.JPG\"\n\t\t\t\t\twidth=\"300\"\n\t\t\t\t\theight=\"300\"\n\t\t\t\t\tstyle=\"max-width:100%;\"\n\t\t\t\t\/>\n\t\t\t<\/a>\n\t\t<\/div>\n\t\t\t\t\t\t\t<\/div>\n\t\t\t\n\t\t\t\t<div id=\"ngg-image-6\" class=\"ngg-gallery-thumbnail-box\n\t\t\t\t\t\t\t\t\t\t\t\"\n\t\t\t>\n\t\t\t\t\t\t<div class=\"ngg-gallery-thumbnail\">\n\t\t\t<a href=\"https:\/\/www.endless-hills.de\/wp-content\/gallery\/Quenchless-Love\/fullsizeoutput_2f36.jpeg\"\n\t\t\t\ttitle=\"\"\n\t\t\t\tdata-src=\"https:\/\/www.endless-hills.de\/wp-content\/gallery\/Quenchless-Love\/fullsizeoutput_2f36.jpeg\"\n\t\t\t\tdata-thumbnail=\"https:\/\/www.endless-hills.de\/wp-content\/gallery\/Quenchless-Love\/thumbs\/thumbs_fullsizeoutput_2f36.jpeg\"\n\t\t\t\tdata-image-id=\"9069\"\n\t\t\t\tdata-title=\"fullsizeoutput_2f36\"\n\t\t\t\tdata-description=\"\"\n\t\t\t\tdata-image-slug=\"fullsizeoutput_2f36\"\n\t\t\t\t\t\t\t\t\t\t\t\t\t\t\t\t\t\t\t\tclass=\"shutterset_f0c29a67417a36414482367e11e37213\">\n\t\t\t\t\t\t\t\t<img\n\t\t\t\t\ttitle=\"fullsizeoutput_2f36\"\n\t\t\t\t\talt=\"fullsizeoutput_2f36\"\n\t\t\t\t\tsrc=\"https:\/\/www.endless-hills.de\/wp-content\/gallery\/Quenchless-Love\/thumbs\/thumbs_fullsizeoutput_2f36.jpeg\"\n\t\t\t\t\twidth=\"300\"\n\t\t\t\t\theight=\"300\"\n\t\t\t\t\tstyle=\"max-width:100%;\"\n\t\t\t\t\/>\n\t\t\t<\/a>\n\t\t<\/div>\n\t\t\t\t\t\t\t<\/div>\n\t\t\t\n\t\t\t\t<div id=\"ngg-image-7\" class=\"ngg-gallery-thumbnail-box\n\t\t\t\t\t\t\t\t\t\t\t\"\n\t\t\t>\n\t\t\t\t\t\t<div class=\"ngg-gallery-thumbnail\">\n\t\t\t<a href=\"https:\/\/www.endless-hills.de\/wp-content\/gallery\/Quenchless-Love\/fullsizeoutput_2f35.jpeg\"\n\t\t\t\ttitle=\"\"\n\t\t\t\tdata-src=\"https:\/\/www.endless-hills.de\/wp-content\/gallery\/Quenchless-Love\/fullsizeoutput_2f35.jpeg\"\n\t\t\t\tdata-thumbnail=\"https:\/\/www.endless-hills.de\/wp-content\/gallery\/Quenchless-Love\/thumbs\/thumbs_fullsizeoutput_2f35.jpeg\"\n\t\t\t\tdata-image-id=\"9068\"\n\t\t\t\tdata-title=\"fullsizeoutput_2f35\"\n\t\t\t\tdata-description=\"\"\n\t\t\t\tdata-image-slug=\"fullsizeoutput_2f35\"\n\t\t\t\t\t\t\t\t\t\t\t\t\t\t\t\t\t\t\t\tclass=\"shutterset_f0c29a67417a36414482367e11e37213\">\n\t\t\t\t\t\t\t\t<img\n\t\t\t\t\ttitle=\"fullsizeoutput_2f35\"\n\t\t\t\t\talt=\"fullsizeoutput_2f35\"\n\t\t\t\t\tsrc=\"https:\/\/www.endless-hills.de\/wp-content\/gallery\/Quenchless-Love\/thumbs\/thumbs_fullsizeoutput_2f35.jpeg\"\n\t\t\t\t\twidth=\"300\"\n\t\t\t\t\theight=\"300\"\n\t\t\t\t\tstyle=\"max-width:100%;\"\n\t\t\t\t\/>\n\t\t\t<\/a>\n\t\t<\/div>\n\t\t\t\t\t\t\t<\/div>\n\t\t\t\n\t\t\t\t<div id=\"ngg-image-8\" class=\"ngg-gallery-thumbnail-box\n\t\t\t\t\t\t\t\t\t\t\t\"\n\t\t\t>\n\t\t\t\t\t\t<div class=\"ngg-gallery-thumbnail\">\n\t\t\t<a href=\"https:\/\/www.endless-hills.de\/wp-content\/gallery\/Quenchless-Love\/DSC_0367.JPG\"\n\t\t\t\ttitle=\"\"\n\t\t\t\tdata-src=\"https:\/\/www.endless-hills.de\/wp-content\/gallery\/Quenchless-Love\/DSC_0367.JPG\"\n\t\t\t\tdata-thumbnail=\"https:\/\/www.endless-hills.de\/wp-content\/gallery\/Quenchless-Love\/thumbs\/thumbs_DSC_0367.JPG\"\n\t\t\t\tdata-image-id=\"9067\"\n\t\t\t\tdata-title=\"DSC_0367\"\n\t\t\t\tdata-description=\"\"\n\t\t\t\tdata-image-slug=\"dsc_0367-1\"\n\t\t\t\t\t\t\t\t\t\t\t\t\t\t\t\t\t\t\t\tclass=\"shutterset_f0c29a67417a36414482367e11e37213\">\n\t\t\t\t\t\t\t\t<img\n\t\t\t\t\ttitle=\"DSC_0367\"\n\t\t\t\t\talt=\"DSC_0367\"\n\t\t\t\t\tsrc=\"https:\/\/www.endless-hills.de\/wp-content\/gallery\/Quenchless-Love\/thumbs\/thumbs_DSC_0367.JPG\"\n\t\t\t\t\twidth=\"300\"\n\t\t\t\t\theight=\"300\"\n\t\t\t\t\tstyle=\"max-width:100%;\"\n\t\t\t\t\/>\n\t\t\t<\/a>\n\t\t<\/div>\n\t\t\t\t\t\t\t<\/div>\n\t\t\t\n\t\t\t\t<div id=\"ngg-image-9\" class=\"ngg-gallery-thumbnail-box\n\t\t\t\t\t\t\t\t\t\t\t\"\n\t\t\t>\n\t\t\t\t\t\t<div class=\"ngg-gallery-thumbnail\">\n\t\t\t<a href=\"https:\/\/www.endless-hills.de\/wp-content\/gallery\/Quenchless-Love\/fullsizeoutput_2f34.jpeg\"\n\t\t\t\ttitle=\"\"\n\t\t\t\tdata-src=\"https:\/\/www.endless-hills.de\/wp-content\/gallery\/Quenchless-Love\/fullsizeoutput_2f34.jpeg\"\n\t\t\t\tdata-thumbnail=\"https:\/\/www.endless-hills.de\/wp-content\/gallery\/Quenchless-Love\/thumbs\/thumbs_fullsizeoutput_2f34.jpeg\"\n\t\t\t\tdata-image-id=\"9066\"\n\t\t\t\tdata-title=\"fullsizeoutput_2f34\"\n\t\t\t\tdata-description=\"\"\n\t\t\t\tdata-image-slug=\"fullsizeoutput_2f34\"\n\t\t\t\t\t\t\t\t\t\t\t\t\t\t\t\t\t\t\t\tclass=\"shutterset_f0c29a67417a36414482367e11e37213\">\n\t\t\t\t\t\t\t\t<img\n\t\t\t\t\ttitle=\"fullsizeoutput_2f34\"\n\t\t\t\t\talt=\"fullsizeoutput_2f34\"\n\t\t\t\t\tsrc=\"https:\/\/www.endless-hills.de\/wp-content\/gallery\/Quenchless-Love\/thumbs\/thumbs_fullsizeoutput_2f34.jpeg\"\n\t\t\t\t\twidth=\"300\"\n\t\t\t\t\theight=\"300\"\n\t\t\t\t\tstyle=\"max-width:100%;\"\n\t\t\t\t\/>\n\t\t\t<\/a>\n\t\t<\/div>\n\t\t\t\t\t\t\t<\/div>\n\t\t\t\n\t\t\t\t<div id=\"ngg-image-10\" class=\"ngg-gallery-thumbnail-box\n\t\t\t\t\t\t\t\t\t\t\t\"\n\t\t\t>\n\t\t\t\t\t\t<div class=\"ngg-gallery-thumbnail\">\n\t\t\t<a href=\"https:\/\/www.endless-hills.de\/wp-content\/gallery\/Quenchless-Love\/fullsizeoutput_2f33.jpeg\"\n\t\t\t\ttitle=\"\"\n\t\t\t\tdata-src=\"https:\/\/www.endless-hills.de\/wp-content\/gallery\/Quenchless-Love\/fullsizeoutput_2f33.jpeg\"\n\t\t\t\tdata-thumbnail=\"https:\/\/www.endless-hills.de\/wp-content\/gallery\/Quenchless-Love\/thumbs\/thumbs_fullsizeoutput_2f33.jpeg\"\n\t\t\t\tdata-image-id=\"9065\"\n\t\t\t\tdata-title=\"fullsizeoutput_2f33\"\n\t\t\t\tdata-description=\"\"\n\t\t\t\tdata-image-slug=\"fullsizeoutput_2f33\"\n\t\t\t\t\t\t\t\t\t\t\t\t\t\t\t\t\t\t\t\tclass=\"shutterset_f0c29a67417a36414482367e11e37213\">\n\t\t\t\t\t\t\t\t<img\n\t\t\t\t\ttitle=\"fullsizeoutput_2f33\"\n\t\t\t\t\talt=\"fullsizeoutput_2f33\"\n\t\t\t\t\tsrc=\"https:\/\/www.endless-hills.de\/wp-content\/gallery\/Quenchless-Love\/thumbs\/thumbs_fullsizeoutput_2f33.jpeg\"\n\t\t\t\t\twidth=\"300\"\n\t\t\t\t\theight=\"300\"\n\t\t\t\t\tstyle=\"max-width:100%;\"\n\t\t\t\t\/>\n\t\t\t<\/a>\n\t\t<\/div>\n\t\t\t\t\t\t\t<\/div>\n\t\t\t\n\t\t\t\t<div id=\"ngg-image-11\" class=\"ngg-gallery-thumbnail-box\n\t\t\t\t\t\t\t\t\t\t\t\"\n\t\t\t>\n\t\t\t\t\t\t<div class=\"ngg-gallery-thumbnail\">\n\t\t\t<a href=\"https:\/\/www.endless-hills.de\/wp-content\/gallery\/Quenchless-Love\/fullsizeoutput_2f32.jpeg\"\n\t\t\t\ttitle=\"\"\n\t\t\t\tdata-src=\"https:\/\/www.endless-hills.de\/wp-content\/gallery\/Quenchless-Love\/fullsizeoutput_2f32.jpeg\"\n\t\t\t\tdata-thumbnail=\"https:\/\/www.endless-hills.de\/wp-content\/gallery\/Quenchless-Love\/thumbs\/thumbs_fullsizeoutput_2f32.jpeg\"\n\t\t\t\tdata-image-id=\"9064\"\n\t\t\t\tdata-title=\"fullsizeoutput_2f32\"\n\t\t\t\tdata-description=\"\"\n\t\t\t\tdata-image-slug=\"fullsizeoutput_2f32\"\n\t\t\t\t\t\t\t\t\t\t\t\t\t\t\t\t\t\t\t\tclass=\"shutterset_f0c29a67417a36414482367e11e37213\">\n\t\t\t\t\t\t\t\t<img\n\t\t\t\t\ttitle=\"fullsizeoutput_2f32\"\n\t\t\t\t\talt=\"fullsizeoutput_2f32\"\n\t\t\t\t\tsrc=\"https:\/\/www.endless-hills.de\/wp-content\/gallery\/Quenchless-Love\/thumbs\/thumbs_fullsizeoutput_2f32.jpeg\"\n\t\t\t\t\twidth=\"300\"\n\t\t\t\t\theight=\"300\"\n\t\t\t\t\tstyle=\"max-width:100%;\"\n\t\t\t\t\/>\n\t\t\t<\/a>\n\t\t<\/div>\n\t\t\t\t\t\t\t<\/div>\n\t\t\t\n\t\t\t\t<div id=\"ngg-image-12\" class=\"ngg-gallery-thumbnail-box\n\t\t\t\t\t\t\t\t\t\t\t\"\n\t\t\t>\n\t\t\t\t\t\t<div class=\"ngg-gallery-thumbnail\">\n\t\t\t<a href=\"https:\/\/www.endless-hills.de\/wp-content\/gallery\/Quenchless-Love\/fullsizeoutput_2f30.jpeg\"\n\t\t\t\ttitle=\"\"\n\t\t\t\tdata-src=\"https:\/\/www.endless-hills.de\/wp-content\/gallery\/Quenchless-Love\/fullsizeoutput_2f30.jpeg\"\n\t\t\t\tdata-thumbnail=\"https:\/\/www.endless-hills.de\/wp-content\/gallery\/Quenchless-Love\/thumbs\/thumbs_fullsizeoutput_2f30.jpeg\"\n\t\t\t\tdata-image-id=\"9063\"\n\t\t\t\tdata-title=\"fullsizeoutput_2f30\"\n\t\t\t\tdata-description=\"\"\n\t\t\t\tdata-image-slug=\"fullsizeoutput_2f30\"\n\t\t\t\t\t\t\t\t\t\t\t\t\t\t\t\t\t\t\t\tclass=\"shutterset_f0c29a67417a36414482367e11e37213\">\n\t\t\t\t\t\t\t\t<img\n\t\t\t\t\ttitle=\"fullsizeoutput_2f30\"\n\t\t\t\t\talt=\"fullsizeoutput_2f30\"\n\t\t\t\t\tsrc=\"https:\/\/www.endless-hills.de\/wp-content\/gallery\/Quenchless-Love\/thumbs\/thumbs_fullsizeoutput_2f30.jpeg\"\n\t\t\t\t\twidth=\"300\"\n\t\t\t\t\theight=\"300\"\n\t\t\t\t\tstyle=\"max-width:100%;\"\n\t\t\t\t\/>\n\t\t\t<\/a>\n\t\t<\/div>\n\t\t\t\t\t\t\t<\/div>\n\t\t\t\n\t\t\t\t<div id=\"ngg-image-13\" class=\"ngg-gallery-thumbnail-box\n\t\t\t\t\t\t\t\t\t\t\t\"\n\t\t\t>\n\t\t\t\t\t\t<div class=\"ngg-gallery-thumbnail\">\n\t\t\t<a href=\"https:\/\/www.endless-hills.de\/wp-content\/gallery\/Quenchless-Love\/fullsizeoutput_2f2f.jpeg\"\n\t\t\t\ttitle=\"\"\n\t\t\t\tdata-src=\"https:\/\/www.endless-hills.de\/wp-content\/gallery\/Quenchless-Love\/fullsizeoutput_2f2f.jpeg\"\n\t\t\t\tdata-thumbnail=\"https:\/\/www.endless-hills.de\/wp-content\/gallery\/Quenchless-Love\/thumbs\/thumbs_fullsizeoutput_2f2f.jpeg\"\n\t\t\t\tdata-image-id=\"9062\"\n\t\t\t\tdata-title=\"fullsizeoutput_2f2f\"\n\t\t\t\tdata-description=\"\"\n\t\t\t\tdata-image-slug=\"fullsizeoutput_2f2f\"\n\t\t\t\t\t\t\t\t\t\t\t\t\t\t\t\t\t\t\t\tclass=\"shutterset_f0c29a67417a36414482367e11e37213\">\n\t\t\t\t\t\t\t\t<img\n\t\t\t\t\ttitle=\"fullsizeoutput_2f2f\"\n\t\t\t\t\talt=\"fullsizeoutput_2f2f\"\n\t\t\t\t\tsrc=\"https:\/\/www.endless-hills.de\/wp-content\/gallery\/Quenchless-Love\/thumbs\/thumbs_fullsizeoutput_2f2f.jpeg\"\n\t\t\t\t\twidth=\"300\"\n\t\t\t\t\theight=\"300\"\n\t\t\t\t\tstyle=\"max-width:100%;\"\n\t\t\t\t\/>\n\t\t\t<\/a>\n\t\t<\/div>\n\t\t\t\t\t\t\t<\/div>\n\t\t\t\n\t\t\t\t<div id=\"ngg-image-14\" class=\"ngg-gallery-thumbnail-box\n\t\t\t\t\t\t\t\t\t\t\t\"\n\t\t\t>\n\t\t\t\t\t\t<div class=\"ngg-gallery-thumbnail\">\n\t\t\t<a href=\"https:\/\/www.endless-hills.de\/wp-content\/gallery\/Quenchless-Love\/fullsizeoutput_2f2e.jpeg\"\n\t\t\t\ttitle=\"\"\n\t\t\t\tdata-src=\"https:\/\/www.endless-hills.de\/wp-content\/gallery\/Quenchless-Love\/fullsizeoutput_2f2e.jpeg\"\n\t\t\t\tdata-thumbnail=\"https:\/\/www.endless-hills.de\/wp-content\/gallery\/Quenchless-Love\/thumbs\/thumbs_fullsizeoutput_2f2e.jpeg\"\n\t\t\t\tdata-image-id=\"9061\"\n\t\t\t\tdata-title=\"fullsizeoutput_2f2e\"\n\t\t\t\tdata-description=\"\"\n\t\t\t\tdata-image-slug=\"fullsizeoutput_2f2e\"\n\t\t\t\t\t\t\t\t\t\t\t\t\t\t\t\t\t\t\t\tclass=\"shutterset_f0c29a67417a36414482367e11e37213\">\n\t\t\t\t\t\t\t\t<img\n\t\t\t\t\ttitle=\"fullsizeoutput_2f2e\"\n\t\t\t\t\talt=\"fullsizeoutput_2f2e\"\n\t\t\t\t\tsrc=\"https:\/\/www.endless-hills.de\/wp-content\/gallery\/Quenchless-Love\/thumbs\/thumbs_fullsizeoutput_2f2e.jpeg\"\n\t\t\t\t\twidth=\"300\"\n\t\t\t\t\theight=\"300\"\n\t\t\t\t\tstyle=\"max-width:100%;\"\n\t\t\t\t\/>\n\t\t\t<\/a>\n\t\t<\/div>\n\t\t\t\t\t\t\t<\/div>\n\t\t\t\n\t\t\t\t<div id=\"ngg-image-15\" class=\"ngg-gallery-thumbnail-box\n\t\t\t\t\t\t\t\t\t\t\t\"\n\t\t\t>\n\t\t\t\t\t\t<div class=\"ngg-gallery-thumbnail\">\n\t\t\t<a href=\"https:\/\/www.endless-hills.de\/wp-content\/gallery\/Quenchless-Love\/fullsizeoutput_2ed4.jpeg\"\n\t\t\t\ttitle=\"\"\n\t\t\t\tdata-src=\"https:\/\/www.endless-hills.de\/wp-content\/gallery\/Quenchless-Love\/fullsizeoutput_2ed4.jpeg\"\n\t\t\t\tdata-thumbnail=\"https:\/\/www.endless-hills.de\/wp-content\/gallery\/Quenchless-Love\/thumbs\/thumbs_fullsizeoutput_2ed4.jpeg\"\n\t\t\t\tdata-image-id=\"8948\"\n\t\t\t\tdata-title=\"fullsizeoutput_2ed4\"\n\t\t\t\tdata-description=\"\"\n\t\t\t\tdata-image-slug=\"fullsizeoutput_2ed4\"\n\t\t\t\t\t\t\t\t\t\t\t\t\t\t\t\t\t\t\t\tclass=\"shutterset_f0c29a67417a36414482367e11e37213\">\n\t\t\t\t\t\t\t\t<img\n\t\t\t\t\ttitle=\"fullsizeoutput_2ed4\"\n\t\t\t\t\talt=\"fullsizeoutput_2ed4\"\n\t\t\t\t\tsrc=\"https:\/\/www.endless-hills.de\/wp-content\/gallery\/Quenchless-Love\/thumbs\/thumbs_fullsizeoutput_2ed4.jpeg\"\n\t\t\t\t\twidth=\"300\"\n\t\t\t\t\theight=\"300\"\n\t\t\t\t\tstyle=\"max-width:100%;\"\n\t\t\t\t\/>\n\t\t\t<\/a>\n\t\t<\/div>\n\t\t\t\t\t\t\t<\/div>\n\t\t\t\n\t\t\t\t<div id=\"ngg-image-16\" class=\"ngg-gallery-thumbnail-box\n\t\t\t\t\t\t\t\t\t\t\t\"\n\t\t\t>\n\t\t\t\t\t\t<div class=\"ngg-gallery-thumbnail\">\n\t\t\t<a href=\"https:\/\/www.endless-hills.de\/wp-content\/gallery\/Quenchless-Love\/fullsizeoutput_2ed2.jpeg\"\n\t\t\t\ttitle=\"\"\n\t\t\t\tdata-src=\"https:\/\/www.endless-hills.de\/wp-content\/gallery\/Quenchless-Love\/fullsizeoutput_2ed2.jpeg\"\n\t\t\t\tdata-thumbnail=\"https:\/\/www.endless-hills.de\/wp-content\/gallery\/Quenchless-Love\/thumbs\/thumbs_fullsizeoutput_2ed2.jpeg\"\n\t\t\t\tdata-image-id=\"8947\"\n\t\t\t\tdata-title=\"fullsizeoutput_2ed2\"\n\t\t\t\tdata-description=\"\"\n\t\t\t\tdata-image-slug=\"fullsizeoutput_2ed2\"\n\t\t\t\t\t\t\t\t\t\t\t\t\t\t\t\t\t\t\t\tclass=\"shutterset_f0c29a67417a36414482367e11e37213\">\n\t\t\t\t\t\t\t\t<img\n\t\t\t\t\ttitle=\"fullsizeoutput_2ed2\"\n\t\t\t\t\talt=\"fullsizeoutput_2ed2\"\n\t\t\t\t\tsrc=\"https:\/\/www.endless-hills.de\/wp-content\/gallery\/Quenchless-Love\/thumbs\/thumbs_fullsizeoutput_2ed2.jpeg\"\n\t\t\t\t\twidth=\"300\"\n\t\t\t\t\theight=\"300\"\n\t\t\t\t\tstyle=\"max-width:100%;\"\n\t\t\t\t\/>\n\t\t\t<\/a>\n\t\t<\/div>\n\t\t\t\t\t\t\t<\/div>\n\t\t\t\n\t\t\t\t<div id=\"ngg-image-17\" class=\"ngg-gallery-thumbnail-box\n\t\t\t\t\t\t\t\t\t\t\t\"\n\t\t\t>\n\t\t\t\t\t\t<div class=\"ngg-gallery-thumbnail\">\n\t\t\t<a href=\"https:\/\/www.endless-hills.de\/wp-content\/gallery\/Quenchless-Love\/fullsizeoutput_2ed0.jpeg\"\n\t\t\t\ttitle=\"\"\n\t\t\t\tdata-src=\"https:\/\/www.endless-hills.de\/wp-content\/gallery\/Quenchless-Love\/fullsizeoutput_2ed0.jpeg\"\n\t\t\t\tdata-thumbnail=\"https:\/\/www.endless-hills.de\/wp-content\/gallery\/Quenchless-Love\/thumbs\/thumbs_fullsizeoutput_2ed0.jpeg\"\n\t\t\t\tdata-image-id=\"8946\"\n\t\t\t\tdata-title=\"fullsizeoutput_2ed0\"\n\t\t\t\tdata-description=\"\"\n\t\t\t\tdata-image-slug=\"fullsizeoutput_2ed0\"\n\t\t\t\t\t\t\t\t\t\t\t\t\t\t\t\t\t\t\t\tclass=\"shutterset_f0c29a67417a36414482367e11e37213\">\n\t\t\t\t\t\t\t\t<img\n\t\t\t\t\ttitle=\"fullsizeoutput_2ed0\"\n\t\t\t\t\talt=\"fullsizeoutput_2ed0\"\n\t\t\t\t\tsrc=\"https:\/\/www.endless-hills.de\/wp-content\/gallery\/Quenchless-Love\/thumbs\/thumbs_fullsizeoutput_2ed0.jpeg\"\n\t\t\t\t\twidth=\"300\"\n\t\t\t\t\theight=\"300\"\n\t\t\t\t\tstyle=\"max-width:100%;\"\n\t\t\t\t\/>\n\t\t\t<\/a>\n\t\t<\/div>\n\t\t\t\t\t\t\t<\/div>\n\t\t\t\n\t\t\t\t<div id=\"ngg-image-18\" class=\"ngg-gallery-thumbnail-box\n\t\t\t\t\t\t\t\t\t\t\t\"\n\t\t\t>\n\t\t\t\t\t\t<div class=\"ngg-gallery-thumbnail\">\n\t\t\t<a href=\"https:\/\/www.endless-hills.de\/wp-content\/gallery\/Quenchless-Love\/fullsizeoutput_2ece.jpeg\"\n\t\t\t\ttitle=\"\"\n\t\t\t\tdata-src=\"https:\/\/www.endless-hills.de\/wp-content\/gallery\/Quenchless-Love\/fullsizeoutput_2ece.jpeg\"\n\t\t\t\tdata-thumbnail=\"https:\/\/www.endless-hills.de\/wp-content\/gallery\/Quenchless-Love\/thumbs\/thumbs_fullsizeoutput_2ece.jpeg\"\n\t\t\t\tdata-image-id=\"8945\"\n\t\t\t\tdata-title=\"fullsizeoutput_2ece\"\n\t\t\t\tdata-description=\"\"\n\t\t\t\tdata-image-slug=\"fullsizeoutput_2ece\"\n\t\t\t\t\t\t\t\t\t\t\t\t\t\t\t\t\t\t\t\tclass=\"shutterset_f0c29a67417a36414482367e11e37213\">\n\t\t\t\t\t\t\t\t<img\n\t\t\t\t\ttitle=\"fullsizeoutput_2ece\"\n\t\t\t\t\talt=\"fullsizeoutput_2ece\"\n\t\t\t\t\tsrc=\"https:\/\/www.endless-hills.de\/wp-content\/gallery\/Quenchless-Love\/thumbs\/thumbs_fullsizeoutput_2ece.jpeg\"\n\t\t\t\t\twidth=\"300\"\n\t\t\t\t\theight=\"300\"\n\t\t\t\t\tstyle=\"max-width:100%;\"\n\t\t\t\t\/>\n\t\t\t<\/a>\n\t\t<\/div>\n\t\t\t\t\t\t\t<\/div>\n\t\t\t\n\t\t\t\t<div id=\"ngg-image-19\" class=\"ngg-gallery-thumbnail-box\n\t\t\t\t\t\t\t\t\t\t\t\"\n\t\t\t>\n\t\t\t\t\t\t<div class=\"ngg-gallery-thumbnail\">\n\t\t\t<a href=\"https:\/\/www.endless-hills.de\/wp-content\/gallery\/Quenchless-Love\/DSC_0473.JPG\"\n\t\t\t\ttitle=\"\"\n\t\t\t\tdata-src=\"https:\/\/www.endless-hills.de\/wp-content\/gallery\/Quenchless-Love\/DSC_0473.JPG\"\n\t\t\t\tdata-thumbnail=\"https:\/\/www.endless-hills.de\/wp-content\/gallery\/Quenchless-Love\/thumbs\/thumbs_DSC_0473.JPG\"\n\t\t\t\tdata-image-id=\"8944\"\n\t\t\t\tdata-title=\"DSC_0473\"\n\t\t\t\tdata-description=\"\"\n\t\t\t\tdata-image-slug=\"dsc_0473-3\"\n\t\t\t\t\t\t\t\t\t\t\t\t\t\t\t\t\t\t\t\tclass=\"shutterset_f0c29a67417a36414482367e11e37213\">\n\t\t\t\t\t\t\t\t<img\n\t\t\t\t\ttitle=\"DSC_0473\"\n\t\t\t\t\talt=\"DSC_0473\"\n\t\t\t\t\tsrc=\"https:\/\/www.endless-hills.de\/wp-content\/gallery\/Quenchless-Love\/thumbs\/thumbs_DSC_0473.JPG\"\n\t\t\t\t\twidth=\"300\"\n\t\t\t\t\theight=\"300\"\n\t\t\t\t\tstyle=\"max-width:100%;\"\n\t\t\t\t\/>\n\t\t\t<\/a>\n\t\t<\/div>\n\t\t\t\t\t\t\t<\/div>\n\t\t\t\n\t\n\t<br style=\"clear: both\" \/>\n\n\t\t<div class=\"slideshowlink\">\n\t\t<a href='https:\/\/www.endless-hills.de\/index.php\/nggallery\/slideshow?page_id=14415'>[Zeige als Diashow]<\/a>\n\n\t<\/div>\n\t\n\t\t<!-- Pagination -->\n\t\t<div class='ngg-navigation'><span class='current'>1<\/span>\n<a class='page-numbers' data-pageid='2' href='https:\/\/www.endless-hills.de\/index.php\/nggallery\/page\/2?page_id=14415'>2<\/a>\n<a class='prev' href='https:\/\/www.endless-hills.de\/index.php\/nggallery\/page\/2?page_id=14415' data-pageid=\"2\">&#9658;<\/a><\/div>\t<\/div>\n<\/p>\n<p>&nbsp;<\/p>\n","protected":false},"excerpt":{"rendered":"<p>darksable H\u00fcndin mit Blesse geboren 3.45 Uhr mit 160 g Unsere kleine Entdeckerin wird im neuen zu Hause Queenie gerufen. Sie zieht ins sch\u00f6ne \u00d6sterreich und wird bei ganz lieben Menschen ihr Leben mit einer Border Collie H\u00fcndin teilen. [Zeige als Diashow] 1 2 &#9658; &nbsp;<\/p>\n","protected":false},"author":3,"featured_media":0,"parent":15574,"menu_order":3,"comment_status":"closed","ping_status":"closed","template":"","meta":{"ngg_post_thumbnail":0,"footnotes":""},"class_list":["post-14415","page","type-page","status-publish","hentry"],"_links":{"self":[{"href":"https:\/\/www.endless-hills.de\/index.php?rest_route=\/wp\/v2\/pages\/14415","targetHints":{"allow":["GET"]}}],"collection":[{"href":"https:\/\/www.endless-hills.de\/index.php?rest_route=\/wp\/v2\/pages"}],"about":[{"href":"https:\/\/www.endless-hills.de\/index.php?rest_route=\/wp\/v2\/types\/page"}],"author":[{"embeddable":true,"href":"https:\/\/www.endless-hills.de\/index.php?rest_route=\/wp\/v2\/users\/3"}],"replies":[{"embeddable":true,"href":"https:\/\/www.endless-hills.de\/index.php?rest_route=%2Fwp%2Fv2%2Fcomments&post=14415"}],"version-history":[{"count":7,"href":"https:\/\/www.endless-hills.de\/index.php?rest_route=\/wp\/v2\/pages\/14415\/revisions"}],"predecessor-version":[{"id":15250,"href":"https:\/\/www.endless-hills.de\/index.php?rest_route=\/wp\/v2\/pages\/14415\/revisions\/15250"}],"up":[{"embeddable":true,"href":"https:\/\/www.endless-hills.de\/index.php?rest_route=\/wp\/v2\/pages\/15574"}],"wp:attachment":[{"href":"https:\/\/www.endless-hills.de\/index.php?rest_route=%2Fwp%2Fv2%2Fmedia&parent=14415"}],"curies":[{"name":"wp","href":"https:\/\/api.w.org\/{rel}","templated":true}]}}