{"id":14052,"date":"2017-01-25T15:08:02","date_gmt":"2017-01-25T14:08:02","guid":{"rendered":"http:\/\/www.endless-hills.de\/?page_id=14052"},"modified":"2020-12-20T20:47:21","modified_gmt":"2020-12-20T19:47:21","slug":"lovely-dreams-night-dsdb","status":"publish","type":"page","link":"https:\/\/www.endless-hills.de\/?page_id=14052","title":{"rendered":"Lovely Dreams Night dSdB"},"content":{"rendered":"<p>tricolour H\u00fcndin \u2013 Leia<\/p>\n<p>geboren am 25.12.2015<\/p>\n<p><span style=\"color: #0000ff;\">MDR1 +\/+, DM N\/N, CEA\/PRA\/KAT frei puppy test , HD \u2013 A1,&nbsp;<\/span><\/p>\n<p><span style=\"color: #0000ff;\">vollst\u00e4ndiges, korrektes Scherengebi\u00df, K\u00f6rklasse I, Wesenstest in aller Freundlichkeit bestanden<\/span><\/p>\n<p>pedigree &#8211;<a href=\"http:\/\/www.collie-online.com\/pedigree\/genealogie_id.php?id=57954\">click-<\/a><\/p>\n<p><img loading=\"lazy\" decoding=\"async\" class=\"aligncenter wp-image-14321\" src=\"http:\/\/www.endless-hills.de\/wp-content\/uploads\/2017\/01\/DSC_0863-1024x842.jpg\" alt=\"DSC_0863\" width=\"750\" height=\"617\" srcset=\"https:\/\/www.endless-hills.de\/wp-content\/uploads\/2017\/01\/DSC_0863-1024x842.jpg 1024w, https:\/\/www.endless-hills.de\/wp-content\/uploads\/2017\/01\/DSC_0863-300x247.jpg 300w, https:\/\/www.endless-hills.de\/wp-content\/uploads\/2017\/01\/DSC_0863-768x632.jpg 768w, https:\/\/www.endless-hills.de\/wp-content\/uploads\/2017\/01\/DSC_0863.jpg 1280w\" sizes=\"auto, (max-width: 750px) 100vw, 750px\" \/><\/p>\n<p>&nbsp;<\/p>\n<p>&nbsp;<\/p>\n<p><p>Invalid Displayed Gallery<\/p><\/p>\n","protected":false},"excerpt":{"rendered":"<p>tricolour H\u00fcndin \u2013 Leia geboren am 25.12.2015 MDR1 +\/+, DM N\/N, CEA\/PRA\/KAT frei puppy test , HD \u2013 A1,&nbsp; vollst\u00e4ndiges, korrektes Scherengebi\u00df, K\u00f6rklasse I, Wesenstest in aller Freundlichkeit bestanden pedigree &#8211;click- &nbsp; &nbsp; Invalid Displayed Gallery<\/p>\n","protected":false},"author":3,"featured_media":0,"parent":4669,"menu_order":6,"comment_status":"closed","ping_status":"closed","template":"","meta":{"ngg_post_thumbnail":0,"footnotes":""},"class_list":["post-14052","page","type-page","status-publish","hentry"],"_links":{"self":[{"href":"https:\/\/www.endless-hills.de\/index.php?rest_route=\/wp\/v2\/pages\/14052","targetHints":{"allow":["GET"]}}],"collection":[{"href":"https:\/\/www.endless-hills.de\/index.php?rest_route=\/wp\/v2\/pages"}],"about":[{"href":"https:\/\/www.endless-hills.de\/index.php?rest_route=\/wp\/v2\/types\/page"}],"author":[{"embeddable":true,"href":"https:\/\/www.endless-hills.de\/index.php?rest_route=\/wp\/v2\/users\/3"}],"replies":[{"embeddable":true,"href":"https:\/\/www.endless-hills.de\/index.php?rest_route=%2Fwp%2Fv2%2Fcomments&post=14052"}],"version-history":[{"count":7,"href":"https:\/\/www.endless-hills.de\/index.php?rest_route=\/wp\/v2\/pages\/14052\/revisions"}],"predecessor-version":[{"id":20574,"href":"https:\/\/www.endless-hills.de\/index.php?rest_route=\/wp\/v2\/pages\/14052\/revisions\/20574"}],"up":[{"embeddable":true,"href":"https:\/\/www.endless-hills.de\/index.php?rest_route=\/wp\/v2\/pages\/4669"}],"wp:attachment":[{"href":"https:\/\/www.endless-hills.de\/index.php?rest_route=%2Fwp%2Fv2%2Fmedia&parent=14052"}],"curies":[{"name":"wp","href":"https:\/\/api.w.org\/{rel}","templated":true}]}}