{"id":14006,"date":"2017-01-11T07:50:34","date_gmt":"2017-01-11T06:50:34","guid":{"rendered":"http:\/\/www.endless-hills.de\/?page_id=14006"},"modified":"2018-08-25T10:47:03","modified_gmt":"2018-08-25T09:47:03","slug":"ch-millubie-shining-star","status":"publish","type":"page","link":"https:\/\/www.endless-hills.de\/?page_id=14006","title":{"rendered":"CH Millubie Shining Star for Dallinaire"},"content":{"rendered":"<p>tricolour H\u00fcndin (Bitch) \u2013 Cathy<\/p>\n<p>geboren am 31. Januar 2013<\/p>\n<p>gestorben am 16.Juli 2018<\/p>\n<p style=\"text-align: center;\"><span style=\"color: #0000ff;\">Mein Herz, meine Seele, mein Stern, mein ein und alles! Nach akuter und \u00fcberraschender Krankheit, keiner wei\u00df warum und was dir so pl\u00f6tzlich fehlte trotz intensivster Suche, hast du uns verlassen m\u00fcssen. Es war die schlimmste Entscheidung meines Lebens, dich \u00fcber die Regenbogenbr\u00fccke gehen zu lassen. Einen Hund wie dich hat man nur einmal im Leben zu Gast. Du lebst in deinen Kindern und Enkeln, unseren Herzen, unseren Gedanken und wir werden dein Grab im Garten hegen und pflegen, um dich in deiner vollen Sch\u00f6nheit in Erinnerung zu behalten. Viel zu jung um zu gehen, doch wir wissen &#8211; nur die besten sterben jung! Run free mein HERZ &lt;3<\/span><\/p>\n<h3 style=\"text-align: center;\"><span style=\"color: #ff0000;\">Serbischer Jugend Champion<\/span><\/h3>\n<h3 style=\"text-align: center;\"><span style=\"color: #ff0000;\">Serbischer Champion<\/span><\/h3>\n<div id=\"attachment_14323\" style=\"width: 710px\" class=\"wp-caption aligncenter\"><img loading=\"lazy\" decoding=\"async\" aria-describedby=\"caption-attachment-14323\" class=\"wp-image-14323\" src=\"http:\/\/www.endless-hills.de\/wp-content\/uploads\/2017\/01\/DSC_0832-1024x861.jpg\" alt=\"Cathy, 4 Jahre\" width=\"700\" height=\"588\" srcset=\"https:\/\/www.endless-hills.de\/wp-content\/uploads\/2017\/01\/DSC_0832-1024x861.jpg 1024w, https:\/\/www.endless-hills.de\/wp-content\/uploads\/2017\/01\/DSC_0832-300x252.jpg 300w, https:\/\/www.endless-hills.de\/wp-content\/uploads\/2017\/01\/DSC_0832-768x646.jpg 768w, https:\/\/www.endless-hills.de\/wp-content\/uploads\/2017\/01\/DSC_0832.jpg 1280w\" sizes=\"auto, (max-width: 700px) 100vw, 700px\" \/><p id=\"caption-attachment-14323\" class=\"wp-caption-text\">Cathy, 4 Jahre<\/p><\/div>\n<p>Pedigree:<\/p>\n<p><img loading=\"lazy\" decoding=\"async\" class=\"aligncenter size-large wp-image-14381\" src=\"http:\/\/www.endless-hills.de\/wp-content\/uploads\/2017\/01\/15995057_1425493137461605_1102472271551130269_o-1024x736.jpg\" alt=\"15995057_1425493137461605_1102472271551130269_o\" width=\"1024\" height=\"736\" srcset=\"https:\/\/www.endless-hills.de\/wp-content\/uploads\/2017\/01\/15995057_1425493137461605_1102472271551130269_o-1024x736.jpg 1024w, https:\/\/www.endless-hills.de\/wp-content\/uploads\/2017\/01\/15995057_1425493137461605_1102472271551130269_o-300x216.jpg 300w, https:\/\/www.endless-hills.de\/wp-content\/uploads\/2017\/01\/15995057_1425493137461605_1102472271551130269_o-768x552.jpg 768w, https:\/\/www.endless-hills.de\/wp-content\/uploads\/2017\/01\/15995057_1425493137461605_1102472271551130269_o.jpg 2048w\" sizes=\"auto, (max-width: 1024px) 100vw, 1024px\" \/><\/p>\n<p>Cathy ist eine fr\u00f6hliche, absolut lustige und zauberhafte H\u00fcndin die man einfach lieben muss. Ihre Aktivit\u00e4t und Lebensfreude steht ihr f\u00f6rmlich ins Gesicht geschrieben. Ein Powerpaket und Clown. Sie liebt alles und jeden. Fremden gegen\u00fcber zeigt sie sich erst einmal etwas reserviert, nimmt man jedoch ein B\u00e4llchen in die Hand und spielt eine Runde mit ihr schenkt sie einem sofort ein strahlendes L\u00e4cheln.<\/p>\n<p>Cathy kam erwachsen zu uns.<\/p>\n<p>Wir sind ger\u00fchrt vor Freude und Gl\u00fcck, dass ihre Besitzerin und unsere liebe Freundin Dragana Vulic sie ausgerechnet uns anvertraute. Wir hoffen unsere genetisch CEA freien Linien mit ihr weiterhin aufbauen zu k\u00f6nnen und hierbei all ihre Wahnsinns Qualit\u00e4ten erhalten zu k\u00f6nnen.<\/p>\n<p>Vielen Dank f\u00fcr die sch\u00f6nen Fotos Claudi &lt;3<\/p>\n<p><!-- default-view.php -->\n<div\n\tclass=\"ngg-galleryoverview default-view\n\t ngg-ajax-pagination-none\t\"\n\tid=\"ngg-gallery-9a5e8bc4d185a19c84589e7c0312aec8-1\"\n\tdata-gallery-id=\"170\">\n\n\t\t<!-- Thumbnails -->\n\t\t\t\t<div id=\"ngg-image-0\" class=\"ngg-gallery-thumbnail-box\n\t\t\t\t\t\t\t\t\t\t\t\"\n\t\t\t>\n\t\t\t\t\t\t<div class=\"ngg-gallery-thumbnail\">\n\t\t\t<a href=\"https:\/\/www.endless-hills.de\/wp-content\/gallery\/Cathy\/DSC_0844.jpg\"\n\t\t\t\ttitle=\"\"\n\t\t\t\tdata-src=\"https:\/\/www.endless-hills.de\/wp-content\/gallery\/Cathy\/DSC_0844.jpg\"\n\t\t\t\tdata-thumbnail=\"https:\/\/www.endless-hills.de\/wp-content\/gallery\/Cathy\/thumbs\/thumbs_DSC_0844.jpg\"\n\t\t\t\tdata-image-id=\"8643\"\n\t\t\t\tdata-title=\"DSC_0844\"\n\t\t\t\tdata-description=\"\"\n\t\t\t\tdata-image-slug=\"dsc_0844\"\n\t\t\t\t\t\t\t\t\t\t\t\t\t\t\t\t\t\t\t\tclass=\"shutterset_9a5e8bc4d185a19c84589e7c0312aec8\">\n\t\t\t\t\t\t\t\t<img\n\t\t\t\t\ttitle=\"DSC_0844\"\n\t\t\t\t\talt=\"DSC_0844\"\n\t\t\t\t\tsrc=\"https:\/\/www.endless-hills.de\/wp-content\/gallery\/Cathy\/thumbs\/thumbs_DSC_0844.jpg\"\n\t\t\t\t\twidth=\"300\"\n\t\t\t\t\theight=\"300\"\n\t\t\t\t\tstyle=\"max-width:100%;\"\n\t\t\t\t\/>\n\t\t\t<\/a>\n\t\t<\/div>\n\t\t\t\t\t\t\t<\/div>\n\t\t\t\n\t\t\t\t<div id=\"ngg-image-1\" class=\"ngg-gallery-thumbnail-box\n\t\t\t\t\t\t\t\t\t\t\t\"\n\t\t\t>\n\t\t\t\t\t\t<div class=\"ngg-gallery-thumbnail\">\n\t\t\t<a href=\"https:\/\/www.endless-hills.de\/wp-content\/gallery\/Cathy\/DSC_0843.jpg\"\n\t\t\t\ttitle=\"\"\n\t\t\t\tdata-src=\"https:\/\/www.endless-hills.de\/wp-content\/gallery\/Cathy\/DSC_0843.jpg\"\n\t\t\t\tdata-thumbnail=\"https:\/\/www.endless-hills.de\/wp-content\/gallery\/Cathy\/thumbs\/thumbs_DSC_0843.jpg\"\n\t\t\t\tdata-image-id=\"8642\"\n\t\t\t\tdata-title=\"DSC_0843\"\n\t\t\t\tdata-description=\"\"\n\t\t\t\tdata-image-slug=\"dsc_0843-3\"\n\t\t\t\t\t\t\t\t\t\t\t\t\t\t\t\t\t\t\t\tclass=\"shutterset_9a5e8bc4d185a19c84589e7c0312aec8\">\n\t\t\t\t\t\t\t\t<img\n\t\t\t\t\ttitle=\"DSC_0843\"\n\t\t\t\t\talt=\"DSC_0843\"\n\t\t\t\t\tsrc=\"https:\/\/www.endless-hills.de\/wp-content\/gallery\/Cathy\/thumbs\/thumbs_DSC_0843.jpg\"\n\t\t\t\t\twidth=\"300\"\n\t\t\t\t\theight=\"300\"\n\t\t\t\t\tstyle=\"max-width:100%;\"\n\t\t\t\t\/>\n\t\t\t<\/a>\n\t\t<\/div>\n\t\t\t\t\t\t\t<\/div>\n\t\t\t\n\t\t\t\t<div id=\"ngg-image-2\" class=\"ngg-gallery-thumbnail-box\n\t\t\t\t\t\t\t\t\t\t\t\"\n\t\t\t>\n\t\t\t\t\t\t<div class=\"ngg-gallery-thumbnail\">\n\t\t\t<a href=\"https:\/\/www.endless-hills.de\/wp-content\/gallery\/Cathy\/DSC_0840.jpg\"\n\t\t\t\ttitle=\"\"\n\t\t\t\tdata-src=\"https:\/\/www.endless-hills.de\/wp-content\/gallery\/Cathy\/DSC_0840.jpg\"\n\t\t\t\tdata-thumbnail=\"https:\/\/www.endless-hills.de\/wp-content\/gallery\/Cathy\/thumbs\/thumbs_DSC_0840.jpg\"\n\t\t\t\tdata-image-id=\"8641\"\n\t\t\t\tdata-title=\"DSC_0840\"\n\t\t\t\tdata-description=\"\"\n\t\t\t\tdata-image-slug=\"dsc_0840-4\"\n\t\t\t\t\t\t\t\t\t\t\t\t\t\t\t\t\t\t\t\tclass=\"shutterset_9a5e8bc4d185a19c84589e7c0312aec8\">\n\t\t\t\t\t\t\t\t<img\n\t\t\t\t\ttitle=\"DSC_0840\"\n\t\t\t\t\talt=\"DSC_0840\"\n\t\t\t\t\tsrc=\"https:\/\/www.endless-hills.de\/wp-content\/gallery\/Cathy\/thumbs\/thumbs_DSC_0840.jpg\"\n\t\t\t\t\twidth=\"300\"\n\t\t\t\t\theight=\"300\"\n\t\t\t\t\tstyle=\"max-width:100%;\"\n\t\t\t\t\/>\n\t\t\t<\/a>\n\t\t<\/div>\n\t\t\t\t\t\t\t<\/div>\n\t\t\t\n\t\t\t\t<div id=\"ngg-image-3\" class=\"ngg-gallery-thumbnail-box\n\t\t\t\t\t\t\t\t\t\t\t\"\n\t\t\t>\n\t\t\t\t\t\t<div class=\"ngg-gallery-thumbnail\">\n\t\t\t<a href=\"https:\/\/www.endless-hills.de\/wp-content\/gallery\/Cathy\/DSC_0833.jpg\"\n\t\t\t\ttitle=\"\"\n\t\t\t\tdata-src=\"https:\/\/www.endless-hills.de\/wp-content\/gallery\/Cathy\/DSC_0833.jpg\"\n\t\t\t\tdata-thumbnail=\"https:\/\/www.endless-hills.de\/wp-content\/gallery\/Cathy\/thumbs\/thumbs_DSC_0833.jpg\"\n\t\t\t\tdata-image-id=\"8640\"\n\t\t\t\tdata-title=\"DSC_0833\"\n\t\t\t\tdata-description=\"\"\n\t\t\t\tdata-image-slug=\"dsc_0833-1\"\n\t\t\t\t\t\t\t\t\t\t\t\t\t\t\t\t\t\t\t\tclass=\"shutterset_9a5e8bc4d185a19c84589e7c0312aec8\">\n\t\t\t\t\t\t\t\t<img\n\t\t\t\t\ttitle=\"DSC_0833\"\n\t\t\t\t\talt=\"DSC_0833\"\n\t\t\t\t\tsrc=\"https:\/\/www.endless-hills.de\/wp-content\/gallery\/Cathy\/thumbs\/thumbs_DSC_0833.jpg\"\n\t\t\t\t\twidth=\"300\"\n\t\t\t\t\theight=\"300\"\n\t\t\t\t\tstyle=\"max-width:100%;\"\n\t\t\t\t\/>\n\t\t\t<\/a>\n\t\t<\/div>\n\t\t\t\t\t\t\t<\/div>\n\t\t\t\n\t\t\t\t<div id=\"ngg-image-4\" class=\"ngg-gallery-thumbnail-box\n\t\t\t\t\t\t\t\t\t\t\t\"\n\t\t\t>\n\t\t\t\t\t\t<div class=\"ngg-gallery-thumbnail\">\n\t\t\t<a href=\"https:\/\/www.endless-hills.de\/wp-content\/gallery\/Cathy\/DSC_0832.jpg\"\n\t\t\t\ttitle=\"\"\n\t\t\t\tdata-src=\"https:\/\/www.endless-hills.de\/wp-content\/gallery\/Cathy\/DSC_0832.jpg\"\n\t\t\t\tdata-thumbnail=\"https:\/\/www.endless-hills.de\/wp-content\/gallery\/Cathy\/thumbs\/thumbs_DSC_0832.jpg\"\n\t\t\t\tdata-image-id=\"8639\"\n\t\t\t\tdata-title=\"DSC_0832\"\n\t\t\t\tdata-description=\"\"\n\t\t\t\tdata-image-slug=\"dsc_0832-6\"\n\t\t\t\t\t\t\t\t\t\t\t\t\t\t\t\t\t\t\t\tclass=\"shutterset_9a5e8bc4d185a19c84589e7c0312aec8\">\n\t\t\t\t\t\t\t\t<img\n\t\t\t\t\ttitle=\"DSC_0832\"\n\t\t\t\t\talt=\"DSC_0832\"\n\t\t\t\t\tsrc=\"https:\/\/www.endless-hills.de\/wp-content\/gallery\/Cathy\/thumbs\/thumbs_DSC_0832.jpg\"\n\t\t\t\t\twidth=\"300\"\n\t\t\t\t\theight=\"300\"\n\t\t\t\t\tstyle=\"max-width:100%;\"\n\t\t\t\t\/>\n\t\t\t<\/a>\n\t\t<\/div>\n\t\t\t\t\t\t\t<\/div>\n\t\t\t\n\t\t\t\t<div id=\"ngg-image-5\" class=\"ngg-gallery-thumbnail-box\n\t\t\t\t\t\t\t\t\t\t\t\"\n\t\t\t>\n\t\t\t\t\t\t<div class=\"ngg-gallery-thumbnail\">\n\t\t\t<a href=\"https:\/\/www.endless-hills.de\/wp-content\/gallery\/Cathy\/DSC_0831.jpg\"\n\t\t\t\ttitle=\"\"\n\t\t\t\tdata-src=\"https:\/\/www.endless-hills.de\/wp-content\/gallery\/Cathy\/DSC_0831.jpg\"\n\t\t\t\tdata-thumbnail=\"https:\/\/www.endless-hills.de\/wp-content\/gallery\/Cathy\/thumbs\/thumbs_DSC_0831.jpg\"\n\t\t\t\tdata-image-id=\"8638\"\n\t\t\t\tdata-title=\"DSC_0831\"\n\t\t\t\tdata-description=\"\"\n\t\t\t\tdata-image-slug=\"dsc_0831-5\"\n\t\t\t\t\t\t\t\t\t\t\t\t\t\t\t\t\t\t\t\tclass=\"shutterset_9a5e8bc4d185a19c84589e7c0312aec8\">\n\t\t\t\t\t\t\t\t<img\n\t\t\t\t\ttitle=\"DSC_0831\"\n\t\t\t\t\talt=\"DSC_0831\"\n\t\t\t\t\tsrc=\"https:\/\/www.endless-hills.de\/wp-content\/gallery\/Cathy\/thumbs\/thumbs_DSC_0831.jpg\"\n\t\t\t\t\twidth=\"300\"\n\t\t\t\t\theight=\"300\"\n\t\t\t\t\tstyle=\"max-width:100%;\"\n\t\t\t\t\/>\n\t\t\t<\/a>\n\t\t<\/div>\n\t\t\t\t\t\t\t<\/div>\n\t\t\t\n\t\t\t\t<div id=\"ngg-image-6\" class=\"ngg-gallery-thumbnail-box\n\t\t\t\t\t\t\t\t\t\t\t\"\n\t\t\t>\n\t\t\t\t\t\t<div class=\"ngg-gallery-thumbnail\">\n\t\t\t<a href=\"https:\/\/www.endless-hills.de\/wp-content\/gallery\/Cathy\/DSC_0798.jpg\"\n\t\t\t\ttitle=\"\"\n\t\t\t\tdata-src=\"https:\/\/www.endless-hills.de\/wp-content\/gallery\/Cathy\/DSC_0798.jpg\"\n\t\t\t\tdata-thumbnail=\"https:\/\/www.endless-hills.de\/wp-content\/gallery\/Cathy\/thumbs\/thumbs_DSC_0798.jpg\"\n\t\t\t\tdata-image-id=\"8637\"\n\t\t\t\tdata-title=\"DSC_0798\"\n\t\t\t\tdata-description=\"\"\n\t\t\t\tdata-image-slug=\"dsc_0798-1\"\n\t\t\t\t\t\t\t\t\t\t\t\t\t\t\t\t\t\t\t\tclass=\"shutterset_9a5e8bc4d185a19c84589e7c0312aec8\">\n\t\t\t\t\t\t\t\t<img\n\t\t\t\t\ttitle=\"DSC_0798\"\n\t\t\t\t\talt=\"DSC_0798\"\n\t\t\t\t\tsrc=\"https:\/\/www.endless-hills.de\/wp-content\/gallery\/Cathy\/thumbs\/thumbs_DSC_0798.jpg\"\n\t\t\t\t\twidth=\"300\"\n\t\t\t\t\theight=\"300\"\n\t\t\t\t\tstyle=\"max-width:100%;\"\n\t\t\t\t\/>\n\t\t\t<\/a>\n\t\t<\/div>\n\t\t\t\t\t\t\t<\/div>\n\t\t\t\n\t\t\t\t<div id=\"ngg-image-7\" class=\"ngg-gallery-thumbnail-box\n\t\t\t\t\t\t\t\t\t\t\t\"\n\t\t\t>\n\t\t\t\t\t\t<div class=\"ngg-gallery-thumbnail\">\n\t\t\t<a href=\"https:\/\/www.endless-hills.de\/wp-content\/gallery\/Cathy\/DSC_0795.jpg\"\n\t\t\t\ttitle=\"\"\n\t\t\t\tdata-src=\"https:\/\/www.endless-hills.de\/wp-content\/gallery\/Cathy\/DSC_0795.jpg\"\n\t\t\t\tdata-thumbnail=\"https:\/\/www.endless-hills.de\/wp-content\/gallery\/Cathy\/thumbs\/thumbs_DSC_0795.jpg\"\n\t\t\t\tdata-image-id=\"8636\"\n\t\t\t\tdata-title=\"DSC_0795\"\n\t\t\t\tdata-description=\"\"\n\t\t\t\tdata-image-slug=\"dsc_0795-1\"\n\t\t\t\t\t\t\t\t\t\t\t\t\t\t\t\t\t\t\t\tclass=\"shutterset_9a5e8bc4d185a19c84589e7c0312aec8\">\n\t\t\t\t\t\t\t\t<img\n\t\t\t\t\ttitle=\"DSC_0795\"\n\t\t\t\t\talt=\"DSC_0795\"\n\t\t\t\t\tsrc=\"https:\/\/www.endless-hills.de\/wp-content\/gallery\/Cathy\/thumbs\/thumbs_DSC_0795.jpg\"\n\t\t\t\t\twidth=\"300\"\n\t\t\t\t\theight=\"300\"\n\t\t\t\t\tstyle=\"max-width:100%;\"\n\t\t\t\t\/>\n\t\t\t<\/a>\n\t\t<\/div>\n\t\t\t\t\t\t\t<\/div>\n\t\t\t\n\t\t\t\t<div id=\"ngg-image-8\" class=\"ngg-gallery-thumbnail-box\n\t\t\t\t\t\t\t\t\t\t\t\"\n\t\t\t>\n\t\t\t\t\t\t<div class=\"ngg-gallery-thumbnail\">\n\t\t\t<a href=\"https:\/\/www.endless-hills.de\/wp-content\/gallery\/Cathy\/DSC_0794.jpg\"\n\t\t\t\ttitle=\"\"\n\t\t\t\tdata-src=\"https:\/\/www.endless-hills.de\/wp-content\/gallery\/Cathy\/DSC_0794.jpg\"\n\t\t\t\tdata-thumbnail=\"https:\/\/www.endless-hills.de\/wp-content\/gallery\/Cathy\/thumbs\/thumbs_DSC_0794.jpg\"\n\t\t\t\tdata-image-id=\"8635\"\n\t\t\t\tdata-title=\"DSC_0794\"\n\t\t\t\tdata-description=\"\"\n\t\t\t\tdata-image-slug=\"dsc_0794-5\"\n\t\t\t\t\t\t\t\t\t\t\t\t\t\t\t\t\t\t\t\tclass=\"shutterset_9a5e8bc4d185a19c84589e7c0312aec8\">\n\t\t\t\t\t\t\t\t<img\n\t\t\t\t\ttitle=\"DSC_0794\"\n\t\t\t\t\talt=\"DSC_0794\"\n\t\t\t\t\tsrc=\"https:\/\/www.endless-hills.de\/wp-content\/gallery\/Cathy\/thumbs\/thumbs_DSC_0794.jpg\"\n\t\t\t\t\twidth=\"300\"\n\t\t\t\t\theight=\"300\"\n\t\t\t\t\tstyle=\"max-width:100%;\"\n\t\t\t\t\/>\n\t\t\t<\/a>\n\t\t<\/div>\n\t\t\t\t\t\t\t<\/div>\n\t\t\t\n\t\t\t\t<div id=\"ngg-image-9\" class=\"ngg-gallery-thumbnail-box\n\t\t\t\t\t\t\t\t\t\t\t\"\n\t\t\t>\n\t\t\t\t\t\t<div class=\"ngg-gallery-thumbnail\">\n\t\t\t<a href=\"https:\/\/www.endless-hills.de\/wp-content\/gallery\/Cathy\/DSC_0792.jpg\"\n\t\t\t\ttitle=\"\"\n\t\t\t\tdata-src=\"https:\/\/www.endless-hills.de\/wp-content\/gallery\/Cathy\/DSC_0792.jpg\"\n\t\t\t\tdata-thumbnail=\"https:\/\/www.endless-hills.de\/wp-content\/gallery\/Cathy\/thumbs\/thumbs_DSC_0792.jpg\"\n\t\t\t\tdata-image-id=\"8634\"\n\t\t\t\tdata-title=\"DSC_0792\"\n\t\t\t\tdata-description=\"\"\n\t\t\t\tdata-image-slug=\"dsc_0792-2\"\n\t\t\t\t\t\t\t\t\t\t\t\t\t\t\t\t\t\t\t\tclass=\"shutterset_9a5e8bc4d185a19c84589e7c0312aec8\">\n\t\t\t\t\t\t\t\t<img\n\t\t\t\t\ttitle=\"DSC_0792\"\n\t\t\t\t\talt=\"DSC_0792\"\n\t\t\t\t\tsrc=\"https:\/\/www.endless-hills.de\/wp-content\/gallery\/Cathy\/thumbs\/thumbs_DSC_0792.jpg\"\n\t\t\t\t\twidth=\"300\"\n\t\t\t\t\theight=\"300\"\n\t\t\t\t\tstyle=\"max-width:100%;\"\n\t\t\t\t\/>\n\t\t\t<\/a>\n\t\t<\/div>\n\t\t\t\t\t\t\t<\/div>\n\t\t\t\n\t\t\t\t<div id=\"ngg-image-10\" class=\"ngg-gallery-thumbnail-box\n\t\t\t\t\t\t\t\t\t\t\t\"\n\t\t\t>\n\t\t\t\t\t\t<div class=\"ngg-gallery-thumbnail\">\n\t\t\t<a href=\"https:\/\/www.endless-hills.de\/wp-content\/gallery\/Cathy\/DSC_0791.jpg\"\n\t\t\t\ttitle=\"\"\n\t\t\t\tdata-src=\"https:\/\/www.endless-hills.de\/wp-content\/gallery\/Cathy\/DSC_0791.jpg\"\n\t\t\t\tdata-thumbnail=\"https:\/\/www.endless-hills.de\/wp-content\/gallery\/Cathy\/thumbs\/thumbs_DSC_0791.jpg\"\n\t\t\t\tdata-image-id=\"8633\"\n\t\t\t\tdata-title=\"DSC_0791\"\n\t\t\t\tdata-description=\"\"\n\t\t\t\tdata-image-slug=\"dsc_0791-1\"\n\t\t\t\t\t\t\t\t\t\t\t\t\t\t\t\t\t\t\t\tclass=\"shutterset_9a5e8bc4d185a19c84589e7c0312aec8\">\n\t\t\t\t\t\t\t\t<img\n\t\t\t\t\ttitle=\"DSC_0791\"\n\t\t\t\t\talt=\"DSC_0791\"\n\t\t\t\t\tsrc=\"https:\/\/www.endless-hills.de\/wp-content\/gallery\/Cathy\/thumbs\/thumbs_DSC_0791.jpg\"\n\t\t\t\t\twidth=\"300\"\n\t\t\t\t\theight=\"300\"\n\t\t\t\t\tstyle=\"max-width:100%;\"\n\t\t\t\t\/>\n\t\t\t<\/a>\n\t\t<\/div>\n\t\t\t\t\t\t\t<\/div>\n\t\t\t\n\t\t\t\t<div id=\"ngg-image-11\" class=\"ngg-gallery-thumbnail-box\n\t\t\t\t\t\t\t\t\t\t\t\"\n\t\t\t>\n\t\t\t\t\t\t<div class=\"ngg-gallery-thumbnail\">\n\t\t\t<a href=\"https:\/\/www.endless-hills.de\/wp-content\/gallery\/Cathy\/DSC_0790.jpg\"\n\t\t\t\ttitle=\"\"\n\t\t\t\tdata-src=\"https:\/\/www.endless-hills.de\/wp-content\/gallery\/Cathy\/DSC_0790.jpg\"\n\t\t\t\tdata-thumbnail=\"https:\/\/www.endless-hills.de\/wp-content\/gallery\/Cathy\/thumbs\/thumbs_DSC_0790.jpg\"\n\t\t\t\tdata-image-id=\"8632\"\n\t\t\t\tdata-title=\"DSC_0790\"\n\t\t\t\tdata-description=\"\"\n\t\t\t\tdata-image-slug=\"dsc_0790-1\"\n\t\t\t\t\t\t\t\t\t\t\t\t\t\t\t\t\t\t\t\tclass=\"shutterset_9a5e8bc4d185a19c84589e7c0312aec8\">\n\t\t\t\t\t\t\t\t<img\n\t\t\t\t\ttitle=\"DSC_0790\"\n\t\t\t\t\talt=\"DSC_0790\"\n\t\t\t\t\tsrc=\"https:\/\/www.endless-hills.de\/wp-content\/gallery\/Cathy\/thumbs\/thumbs_DSC_0790.jpg\"\n\t\t\t\t\twidth=\"300\"\n\t\t\t\t\theight=\"300\"\n\t\t\t\t\tstyle=\"max-width:100%;\"\n\t\t\t\t\/>\n\t\t\t<\/a>\n\t\t<\/div>\n\t\t\t\t\t\t\t<\/div>\n\t\t\t\n\t\t\t\t<div id=\"ngg-image-12\" class=\"ngg-gallery-thumbnail-box\n\t\t\t\t\t\t\t\t\t\t\t\"\n\t\t\t>\n\t\t\t\t\t\t<div class=\"ngg-gallery-thumbnail\">\n\t\t\t<a href=\"https:\/\/www.endless-hills.de\/wp-content\/gallery\/Cathy\/DSC_0789.jpg\"\n\t\t\t\ttitle=\"\"\n\t\t\t\tdata-src=\"https:\/\/www.endless-hills.de\/wp-content\/gallery\/Cathy\/DSC_0789.jpg\"\n\t\t\t\tdata-thumbnail=\"https:\/\/www.endless-hills.de\/wp-content\/gallery\/Cathy\/thumbs\/thumbs_DSC_0789.jpg\"\n\t\t\t\tdata-image-id=\"8631\"\n\t\t\t\tdata-title=\"DSC_0789\"\n\t\t\t\tdata-description=\"\"\n\t\t\t\tdata-image-slug=\"dsc_0789-2\"\n\t\t\t\t\t\t\t\t\t\t\t\t\t\t\t\t\t\t\t\tclass=\"shutterset_9a5e8bc4d185a19c84589e7c0312aec8\">\n\t\t\t\t\t\t\t\t<img\n\t\t\t\t\ttitle=\"DSC_0789\"\n\t\t\t\t\talt=\"DSC_0789\"\n\t\t\t\t\tsrc=\"https:\/\/www.endless-hills.de\/wp-content\/gallery\/Cathy\/thumbs\/thumbs_DSC_0789.jpg\"\n\t\t\t\t\twidth=\"300\"\n\t\t\t\t\theight=\"300\"\n\t\t\t\t\tstyle=\"max-width:100%;\"\n\t\t\t\t\/>\n\t\t\t<\/a>\n\t\t<\/div>\n\t\t\t\t\t\t\t<\/div>\n\t\t\t\n\t\t\t\t<div id=\"ngg-image-13\" class=\"ngg-gallery-thumbnail-box\n\t\t\t\t\t\t\t\t\t\t\t\"\n\t\t\t>\n\t\t\t\t\t\t<div class=\"ngg-gallery-thumbnail\">\n\t\t\t<a href=\"https:\/\/www.endless-hills.de\/wp-content\/gallery\/Cathy\/DSC_0788.jpg\"\n\t\t\t\ttitle=\"\"\n\t\t\t\tdata-src=\"https:\/\/www.endless-hills.de\/wp-content\/gallery\/Cathy\/DSC_0788.jpg\"\n\t\t\t\tdata-thumbnail=\"https:\/\/www.endless-hills.de\/wp-content\/gallery\/Cathy\/thumbs\/thumbs_DSC_0788.jpg\"\n\t\t\t\tdata-image-id=\"8630\"\n\t\t\t\tdata-title=\"DSC_0788\"\n\t\t\t\tdata-description=\"\"\n\t\t\t\tdata-image-slug=\"dsc_0788-1\"\n\t\t\t\t\t\t\t\t\t\t\t\t\t\t\t\t\t\t\t\tclass=\"shutterset_9a5e8bc4d185a19c84589e7c0312aec8\">\n\t\t\t\t\t\t\t\t<img\n\t\t\t\t\ttitle=\"DSC_0788\"\n\t\t\t\t\talt=\"DSC_0788\"\n\t\t\t\t\tsrc=\"https:\/\/www.endless-hills.de\/wp-content\/gallery\/Cathy\/thumbs\/thumbs_DSC_0788.jpg\"\n\t\t\t\t\twidth=\"300\"\n\t\t\t\t\theight=\"300\"\n\t\t\t\t\tstyle=\"max-width:100%;\"\n\t\t\t\t\/>\n\t\t\t<\/a>\n\t\t<\/div>\n\t\t\t\t\t\t\t<\/div>\n\t\t\t\n\t\t\t\t<div id=\"ngg-image-14\" class=\"ngg-gallery-thumbnail-box\n\t\t\t\t\t\t\t\t\t\t\t\"\n\t\t\t>\n\t\t\t\t\t\t<div class=\"ngg-gallery-thumbnail\">\n\t\t\t<a href=\"https:\/\/www.endless-hills.de\/wp-content\/gallery\/Cathy\/DSC_0786.jpg\"\n\t\t\t\ttitle=\"\"\n\t\t\t\tdata-src=\"https:\/\/www.endless-hills.de\/wp-content\/gallery\/Cathy\/DSC_0786.jpg\"\n\t\t\t\tdata-thumbnail=\"https:\/\/www.endless-hills.de\/wp-content\/gallery\/Cathy\/thumbs\/thumbs_DSC_0786.jpg\"\n\t\t\t\tdata-image-id=\"8629\"\n\t\t\t\tdata-title=\"DSC_0786\"\n\t\t\t\tdata-description=\"\"\n\t\t\t\tdata-image-slug=\"dsc_0786-5\"\n\t\t\t\t\t\t\t\t\t\t\t\t\t\t\t\t\t\t\t\tclass=\"shutterset_9a5e8bc4d185a19c84589e7c0312aec8\">\n\t\t\t\t\t\t\t\t<img\n\t\t\t\t\ttitle=\"DSC_0786\"\n\t\t\t\t\talt=\"DSC_0786\"\n\t\t\t\t\tsrc=\"https:\/\/www.endless-hills.de\/wp-content\/gallery\/Cathy\/thumbs\/thumbs_DSC_0786.jpg\"\n\t\t\t\t\twidth=\"300\"\n\t\t\t\t\theight=\"300\"\n\t\t\t\t\tstyle=\"max-width:100%;\"\n\t\t\t\t\/>\n\t\t\t<\/a>\n\t\t<\/div>\n\t\t\t\t\t\t\t<\/div>\n\t\t\t\n\t\t\t\t<div id=\"ngg-image-15\" class=\"ngg-gallery-thumbnail-box\n\t\t\t\t\t\t\t\t\t\t\t\"\n\t\t\t>\n\t\t\t\t\t\t<div class=\"ngg-gallery-thumbnail\">\n\t\t\t<a href=\"https:\/\/www.endless-hills.de\/wp-content\/gallery\/Cathy\/DSC_0785.jpg\"\n\t\t\t\ttitle=\"\"\n\t\t\t\tdata-src=\"https:\/\/www.endless-hills.de\/wp-content\/gallery\/Cathy\/DSC_0785.jpg\"\n\t\t\t\tdata-thumbnail=\"https:\/\/www.endless-hills.de\/wp-content\/gallery\/Cathy\/thumbs\/thumbs_DSC_0785.jpg\"\n\t\t\t\tdata-image-id=\"8628\"\n\t\t\t\tdata-title=\"DSC_0785\"\n\t\t\t\tdata-description=\"\"\n\t\t\t\tdata-image-slug=\"dsc_0785-4\"\n\t\t\t\t\t\t\t\t\t\t\t\t\t\t\t\t\t\t\t\tclass=\"shutterset_9a5e8bc4d185a19c84589e7c0312aec8\">\n\t\t\t\t\t\t\t\t<img\n\t\t\t\t\ttitle=\"DSC_0785\"\n\t\t\t\t\talt=\"DSC_0785\"\n\t\t\t\t\tsrc=\"https:\/\/www.endless-hills.de\/wp-content\/gallery\/Cathy\/thumbs\/thumbs_DSC_0785.jpg\"\n\t\t\t\t\twidth=\"300\"\n\t\t\t\t\theight=\"300\"\n\t\t\t\t\tstyle=\"max-width:100%;\"\n\t\t\t\t\/>\n\t\t\t<\/a>\n\t\t<\/div>\n\t\t\t\t\t\t\t<\/div>\n\t\t\t\n\t\t\t\t<div id=\"ngg-image-16\" class=\"ngg-gallery-thumbnail-box\n\t\t\t\t\t\t\t\t\t\t\t\"\n\t\t\t>\n\t\t\t\t\t\t<div class=\"ngg-gallery-thumbnail\">\n\t\t\t<a href=\"https:\/\/www.endless-hills.de\/wp-content\/gallery\/Cathy\/DSC_0784.jpg\"\n\t\t\t\ttitle=\"\"\n\t\t\t\tdata-src=\"https:\/\/www.endless-hills.de\/wp-content\/gallery\/Cathy\/DSC_0784.jpg\"\n\t\t\t\tdata-thumbnail=\"https:\/\/www.endless-hills.de\/wp-content\/gallery\/Cathy\/thumbs\/thumbs_DSC_0784.jpg\"\n\t\t\t\tdata-image-id=\"8627\"\n\t\t\t\tdata-title=\"DSC_0784\"\n\t\t\t\tdata-description=\"\"\n\t\t\t\tdata-image-slug=\"dsc_0784-4\"\n\t\t\t\t\t\t\t\t\t\t\t\t\t\t\t\t\t\t\t\tclass=\"shutterset_9a5e8bc4d185a19c84589e7c0312aec8\">\n\t\t\t\t\t\t\t\t<img\n\t\t\t\t\ttitle=\"DSC_0784\"\n\t\t\t\t\talt=\"DSC_0784\"\n\t\t\t\t\tsrc=\"https:\/\/www.endless-hills.de\/wp-content\/gallery\/Cathy\/thumbs\/thumbs_DSC_0784.jpg\"\n\t\t\t\t\twidth=\"300\"\n\t\t\t\t\theight=\"300\"\n\t\t\t\t\tstyle=\"max-width:100%;\"\n\t\t\t\t\/>\n\t\t\t<\/a>\n\t\t<\/div>\n\t\t\t\t\t\t\t<\/div>\n\t\t\t\n\t\t\t\t<div id=\"ngg-image-17\" class=\"ngg-gallery-thumbnail-box\n\t\t\t\t\t\t\t\t\t\t\t\"\n\t\t\t>\n\t\t\t\t\t\t<div class=\"ngg-gallery-thumbnail\">\n\t\t\t<a href=\"https:\/\/www.endless-hills.de\/wp-content\/gallery\/Cathy\/DSC_0783.jpg\"\n\t\t\t\ttitle=\"\"\n\t\t\t\tdata-src=\"https:\/\/www.endless-hills.de\/wp-content\/gallery\/Cathy\/DSC_0783.jpg\"\n\t\t\t\tdata-thumbnail=\"https:\/\/www.endless-hills.de\/wp-content\/gallery\/Cathy\/thumbs\/thumbs_DSC_0783.jpg\"\n\t\t\t\tdata-image-id=\"8626\"\n\t\t\t\tdata-title=\"DSC_0783\"\n\t\t\t\tdata-description=\"\"\n\t\t\t\tdata-image-slug=\"dsc_0783-4\"\n\t\t\t\t\t\t\t\t\t\t\t\t\t\t\t\t\t\t\t\tclass=\"shutterset_9a5e8bc4d185a19c84589e7c0312aec8\">\n\t\t\t\t\t\t\t\t<img\n\t\t\t\t\ttitle=\"DSC_0783\"\n\t\t\t\t\talt=\"DSC_0783\"\n\t\t\t\t\tsrc=\"https:\/\/www.endless-hills.de\/wp-content\/gallery\/Cathy\/thumbs\/thumbs_DSC_0783.jpg\"\n\t\t\t\t\twidth=\"300\"\n\t\t\t\t\theight=\"300\"\n\t\t\t\t\tstyle=\"max-width:100%;\"\n\t\t\t\t\/>\n\t\t\t<\/a>\n\t\t<\/div>\n\t\t\t\t\t\t\t<\/div>\n\t\t\t\n\t\t\t\t<div id=\"ngg-image-18\" class=\"ngg-gallery-thumbnail-box\n\t\t\t\t\t\t\t\t\t\t\t\"\n\t\t\t>\n\t\t\t\t\t\t<div class=\"ngg-gallery-thumbnail\">\n\t\t\t<a href=\"https:\/\/www.endless-hills.de\/wp-content\/gallery\/Cathy\/DSC_0782.jpg\"\n\t\t\t\ttitle=\"\"\n\t\t\t\tdata-src=\"https:\/\/www.endless-hills.de\/wp-content\/gallery\/Cathy\/DSC_0782.jpg\"\n\t\t\t\tdata-thumbnail=\"https:\/\/www.endless-hills.de\/wp-content\/gallery\/Cathy\/thumbs\/thumbs_DSC_0782.jpg\"\n\t\t\t\tdata-image-id=\"8625\"\n\t\t\t\tdata-title=\"DSC_0782\"\n\t\t\t\tdata-description=\"\"\n\t\t\t\tdata-image-slug=\"dsc_0782-1\"\n\t\t\t\t\t\t\t\t\t\t\t\t\t\t\t\t\t\t\t\tclass=\"shutterset_9a5e8bc4d185a19c84589e7c0312aec8\">\n\t\t\t\t\t\t\t\t<img\n\t\t\t\t\ttitle=\"DSC_0782\"\n\t\t\t\t\talt=\"DSC_0782\"\n\t\t\t\t\tsrc=\"https:\/\/www.endless-hills.de\/wp-content\/gallery\/Cathy\/thumbs\/thumbs_DSC_0782.jpg\"\n\t\t\t\t\twidth=\"300\"\n\t\t\t\t\theight=\"300\"\n\t\t\t\t\tstyle=\"max-width:100%;\"\n\t\t\t\t\/>\n\t\t\t<\/a>\n\t\t<\/div>\n\t\t\t\t\t\t\t<\/div>\n\t\t\t\n\t\t\t\t<div id=\"ngg-image-19\" class=\"ngg-gallery-thumbnail-box\n\t\t\t\t\t\t\t\t\t\t\t\"\n\t\t\t>\n\t\t\t\t\t\t<div class=\"ngg-gallery-thumbnail\">\n\t\t\t<a href=\"https:\/\/www.endless-hills.de\/wp-content\/gallery\/Cathy\/DSC_0780.jpg\"\n\t\t\t\ttitle=\"\"\n\t\t\t\tdata-src=\"https:\/\/www.endless-hills.de\/wp-content\/gallery\/Cathy\/DSC_0780.jpg\"\n\t\t\t\tdata-thumbnail=\"https:\/\/www.endless-hills.de\/wp-content\/gallery\/Cathy\/thumbs\/thumbs_DSC_0780.jpg\"\n\t\t\t\tdata-image-id=\"8624\"\n\t\t\t\tdata-title=\"DSC_0780\"\n\t\t\t\tdata-description=\"\"\n\t\t\t\tdata-image-slug=\"dsc_0780\"\n\t\t\t\t\t\t\t\t\t\t\t\t\t\t\t\t\t\t\t\tclass=\"shutterset_9a5e8bc4d185a19c84589e7c0312aec8\">\n\t\t\t\t\t\t\t\t<img\n\t\t\t\t\ttitle=\"DSC_0780\"\n\t\t\t\t\talt=\"DSC_0780\"\n\t\t\t\t\tsrc=\"https:\/\/www.endless-hills.de\/wp-content\/gallery\/Cathy\/thumbs\/thumbs_DSC_0780.jpg\"\n\t\t\t\t\twidth=\"300\"\n\t\t\t\t\theight=\"300\"\n\t\t\t\t\tstyle=\"max-width:100%;\"\n\t\t\t\t\/>\n\t\t\t<\/a>\n\t\t<\/div>\n\t\t\t\t\t\t\t<\/div>\n\t\t\t\n\t\n\t<br style=\"clear: both\" \/>\n\n\t\t<div class=\"slideshowlink\">\n\t\t<a href='https:\/\/www.endless-hills.de\/index.php\/nggallery\/slideshow?page_id=14006'>[Zeige als Diashow]<\/a>\n\n\t<\/div>\n\t\n\t\t<!-- Pagination -->\n\t\t<div class='ngg-navigation'><span class='current'>1<\/span>\n<a class='page-numbers' data-pageid='2' href='https:\/\/www.endless-hills.de\/index.php\/nggallery\/page\/2?page_id=14006'>2<\/a>\n<a class='prev' href='https:\/\/www.endless-hills.de\/index.php\/nggallery\/page\/2?page_id=14006' data-pageid=\"2\">&#9658;<\/a><\/div>\t<\/div>\n<\/p>\n","protected":false},"excerpt":{"rendered":"<p>tricolour H\u00fcndin (Bitch) \u2013 Cathy geboren am 31. Januar 2013 gestorben am 16.Juli 2018 Mein Herz, meine Seele, mein Stern, mein ein und alles! Nach akuter und \u00fcberraschender Krankheit, keiner wei\u00df warum und was dir so pl\u00f6tzlich fehlte trotz intensivster Suche, hast du uns verlassen m\u00fcssen. Es war die schlimmste Entscheidung meines Lebens, dich \u00fcber [&hellip;]<\/p>\n","protected":false},"author":3,"featured_media":0,"parent":5743,"menu_order":0,"comment_status":"closed","ping_status":"closed","template":"","meta":{"ngg_post_thumbnail":0,"footnotes":""},"class_list":["post-14006","page","type-page","status-publish","hentry"],"_links":{"self":[{"href":"https:\/\/www.endless-hills.de\/index.php?rest_route=\/wp\/v2\/pages\/14006","targetHints":{"allow":["GET"]}}],"collection":[{"href":"https:\/\/www.endless-hills.de\/index.php?rest_route=\/wp\/v2\/pages"}],"about":[{"href":"https:\/\/www.endless-hills.de\/index.php?rest_route=\/wp\/v2\/types\/page"}],"author":[{"embeddable":true,"href":"https:\/\/www.endless-hills.de\/index.php?rest_route=\/wp\/v2\/users\/3"}],"replies":[{"embeddable":true,"href":"https:\/\/www.endless-hills.de\/index.php?rest_route=%2Fwp%2Fv2%2Fcomments&post=14006"}],"version-history":[{"count":12,"href":"https:\/\/www.endless-hills.de\/index.php?rest_route=\/wp\/v2\/pages\/14006\/revisions"}],"predecessor-version":[{"id":18917,"href":"https:\/\/www.endless-hills.de\/index.php?rest_route=\/wp\/v2\/pages\/14006\/revisions\/18917"}],"up":[{"embeddable":true,"href":"https:\/\/www.endless-hills.de\/index.php?rest_route=\/wp\/v2\/pages\/5743"}],"wp:attachment":[{"href":"https:\/\/www.endless-hills.de\/index.php?rest_route=%2Fwp%2Fv2%2Fmedia&parent=14006"}],"curies":[{"name":"wp","href":"https:\/\/api.w.org\/{rel}","templated":true}]}}