{"id":12831,"date":"2016-02-14T20:48:42","date_gmt":"2016-02-14T19:48:42","guid":{"rendered":"http:\/\/www.endless-hills.de\/?page_id=12831"},"modified":"2024-12-03T20:41:13","modified_gmt":"2024-12-03T19:41:13","slug":"billy-jean-of-endless-hills","status":"publish","type":"page","link":"https:\/\/www.endless-hills.de\/?page_id=12831","title":{"rendered":"CH Billy Jean of endless hills"},"content":{"rendered":"<h4><b><span class=\"auto-style47\" style=\"color: #ff0000;\">Internationaler Champion<\/span><\/b><\/h4>\n<h4><b><span class=\"auto-style47\" style=\"color: #ff0000;\"><span class=\"auto-style47\">Deutscher Champion VDH, Deutscher Champion CfBrH &amp; 1. SSCD<\/span><br \/>\nSlowakischer Champion<\/span><\/b><\/h4>\n<h4><b><span class=\"auto-style47\" style=\"color: #ff0000;\">Slowenischer Champion<\/span><\/b><\/h4>\n<h4><b><span class=\"auto-style47\" style=\"color: #ff0000;\"> Sieger Karlsruhe &#8217;15, Sieger Baden-W\u00fcrttemberg &#8217;15<br \/>\nSlowenischer Winter Winner &#8217;15<\/span><span style=\"font-size: medium;\"><br class=\"auto-style48\" \/>Billy Jean of endless hills<\/span><\/b><br \/>\n<span style=\"font-size: small;\"><strong>-Billy-<br \/>\n<\/strong><\/span><span class=\"auto-style2\">VDH\/ZBrH SHE 23319<\/span><span style=\"font-size: small;\"><br \/>\n<\/span><\/h4>\n<p>K\u00f6rklasse I<br \/>\nWT: 19.05.2013, tricolour, 39,5 cm, vollzahnig,\u00a0<span style=\"color: #ff0000;\">HD-A<\/span><br \/>\nfrei von erblichen Augenkrankheiten \/ 12.07.2013,<br \/>\n<span class=\"auto-style1\" style=\"color: #ff0000;\">CEA DNA normal (non carrier), MDR1 +\/+<\/span><\/p>\n<p><em><strong>9x\u00a0<span class=\"auto-style12\">Best Of Breed<br \/>\n<\/span>2x\u00a0<span class=\"auto-style12\">Best Of Opposite Sex<\/span><\/strong><\/em><\/p>\n<p>Billy wurde bei uns geboren. Er lebt nun bei seinem Papa und den Black Delight Shetland Sheepdogs. Dort steht er geeigneten H\u00fcndinnen als Deckr\u00fcde zur Verf\u00fcgung. Er bewies sich schon in zauberhaftem Nachwuchs wie auch z.B. in unserem Sheltie E-Wurf. Wir sind m\u00e4chtig stolz auf diesen wundervollen Buben und hoffen von ihm noch viele tolle Kinder zu sehen. F\u00fcr weitere Informationen klicken sie bitte auf den folgenden Link<\/p>\n<p><span style=\"color: #0000ff;\"><a style=\"color: #0000ff;\" href=\"http:\/\/www.black-delight-shelties.de\/pages\/billy.html\" target=\"_blank\">-http:\/\/www.black-delight-shelties.de\/pages\/billy.html-<\/a><\/span><\/p>\n<p>&nbsp;<\/p>\n<p><img loading=\"lazy\" decoding=\"async\" class=\"aligncenter wp-image-11582\" src=\"http:\/\/www.endless-hills.de\/wp-content\/uploads\/2010\/09\/Billy-1000_0347.jpg\" alt=\"Billy 1000_0347\" width=\"700\" height=\"466\" srcset=\"https:\/\/www.endless-hills.de\/wp-content\/uploads\/2010\/09\/Billy-1000_0347.jpg 1000w, https:\/\/www.endless-hills.de\/wp-content\/uploads\/2010\/09\/Billy-1000_0347-300x200.jpg 300w\" sizes=\"auto, (max-width: 700px) 100vw, 700px\" \/><\/p>\n<p>&nbsp;<\/p>\n<p><img loading=\"lazy\" decoding=\"async\" class=\"aligncenter size-full wp-image-12832\" src=\"http:\/\/www.endless-hills.de\/wp-content\/uploads\/2016\/02\/Billy_Jean_of_endless_hills-2.jpg\" alt=\"Billy_Jean_of_endless_hills-2\" width=\"758\" height=\"563\" srcset=\"https:\/\/www.endless-hills.de\/wp-content\/uploads\/2016\/02\/Billy_Jean_of_endless_hills-2.jpg 758w, https:\/\/www.endless-hills.de\/wp-content\/uploads\/2016\/02\/Billy_Jean_of_endless_hills-2-300x223.jpg 300w\" sizes=\"auto, (max-width: 758px) 100vw, 758px\" \/><\/p>\n","protected":false},"excerpt":{"rendered":"<p>Internationaler Champion Deutscher Champion VDH, Deutscher Champion CfBrH &amp; 1. SSCD Slowakischer Champion Slowenischer Champion Sieger Karlsruhe &#8217;15, Sieger Baden-W\u00fcrttemberg &#8217;15 Slowenischer Winter Winner &#8217;15Billy Jean of endless hills -Billy- VDH\/ZBrH SHE 23319 K\u00f6rklasse I WT: 19.05.2013, tricolour, 39,5 cm, vollzahnig,\u00a0HD-A frei von erblichen Augenkrankheiten \/ 12.07.2013, CEA DNA normal (non carrier), MDR1 +\/+ 9x\u00a0Best [&hellip;]<\/p>\n","protected":false},"author":3,"featured_media":0,"parent":21292,"menu_order":5,"comment_status":"closed","ping_status":"closed","template":"","meta":{"ngg_post_thumbnail":0,"footnotes":""},"class_list":["post-12831","page","type-page","status-publish","hentry"],"_links":{"self":[{"href":"https:\/\/www.endless-hills.de\/index.php?rest_route=\/wp\/v2\/pages\/12831","targetHints":{"allow":["GET"]}}],"collection":[{"href":"https:\/\/www.endless-hills.de\/index.php?rest_route=\/wp\/v2\/pages"}],"about":[{"href":"https:\/\/www.endless-hills.de\/index.php?rest_route=\/wp\/v2\/types\/page"}],"author":[{"embeddable":true,"href":"https:\/\/www.endless-hills.de\/index.php?rest_route=\/wp\/v2\/users\/3"}],"replies":[{"embeddable":true,"href":"https:\/\/www.endless-hills.de\/index.php?rest_route=%2Fwp%2Fv2%2Fcomments&post=12831"}],"version-history":[{"count":15,"href":"https:\/\/www.endless-hills.de\/index.php?rest_route=\/wp\/v2\/pages\/12831\/revisions"}],"predecessor-version":[{"id":13838,"href":"https:\/\/www.endless-hills.de\/index.php?rest_route=\/wp\/v2\/pages\/12831\/revisions\/13838"}],"up":[{"embeddable":true,"href":"https:\/\/www.endless-hills.de\/index.php?rest_route=\/wp\/v2\/pages\/21292"}],"wp:attachment":[{"href":"https:\/\/www.endless-hills.de\/index.php?rest_route=%2Fwp%2Fv2%2Fmedia&parent=12831"}],"curies":[{"name":"wp","href":"https:\/\/api.w.org\/{rel}","templated":true}]}}