{"id":11615,"date":"2015-11-25T17:02:01","date_gmt":"2015-11-25T16:02:01","guid":{"rendered":"http:\/\/www.endless-hills.de\/?page_id=11615"},"modified":"2015-12-19T13:20:21","modified_gmt":"2015-12-19T12:20:21","slug":"on-broadway","status":"publish","type":"page","link":"https:\/\/www.endless-hills.de\/?page_id=11615","title":{"rendered":"On Broadway &#8211; reserviert"},"content":{"rendered":"<p>darksable R\u00fcde<\/p>\n<p>geboren um 8.16 mit 265g<\/p>\n<p>Broady hat eine interessant geformte sehr breite Halskrause, passend zur kommenden Weihnachtszeit in Form einer Tanne.<\/p>\n<p>Er ist der dunkelste. Ein Schneefl\u00f6ckchen ziert seinen R\u00fccken, dies macht ihn einfach unverwechselbar! Er wird das Leben von Familie K. wieder bunt und fr\u00f6hlich machen:)<\/p>\n<p><!-- default-view.php -->\n<div\n\tclass=\"ngg-galleryoverview default-view\n\t ngg-ajax-pagination-none\t\"\n\tid=\"ngg-gallery-36f368ba2083f3a4965027ded3d32d5a-1\"\n\tdata-nextgen-gallery-id=\"158\"\n\tdata-gallery-id=\"158\"\n\t\tdata-gallery-name=\"On Broadway\"\n\t>\n\n\t\t<!-- Thumbnails -->\n\t\t\t\t<div id=\"ngg-image-0\" class=\"ngg-gallery-thumbnail-box\n\t\t\t\t\t\t\t\t\t\t\t\"\n\t\t\t>\n\t\t\t\t\t\t<div class=\"ngg-gallery-thumbnail\">\n\t\t<a href=\"https:\/\/www.endless-hills.de\/wp-content\/gallery\/on-broadway\/DSC_1039.JPG?t=1450527624\"\n\t\t\ttitle=\"\"\n\t\t\tdata-src=\"https:\/\/www.endless-hills.de\/wp-content\/gallery\/on-broadway\/DSC_1039.JPG?t=1450527624\"\n\t\t\tdata-thumbnail=\"https:\/\/www.endless-hills.de\/wp-content\/gallery\/on-broadway\/thumbs\/thumbs_DSC_1039.JPG?t=1450527624\"\n\t\t\tdata-image-id=\"7785\"\n\t\t\tdata-image-name=\"DSC_1039.JPG\"\n\t\t\tdata-title=\"DSC_1039.JPG\"\n\t\t\tdata-description=\"\"\n\t\t\tdata-image-slug=\"dsc_1039-jpg\"\n\t\t\t\t\t\t\t\t\t\t\t\t\t\t\t\t\t\t\t\tclass=\"shutterset_36f368ba2083f3a4965027ded3d32d5a\">\n\t\t\t\t\t\t\t\t<img\n\t\t\t\t\ttitle=\"DSC_1039.JPG\"\n\t\t\t\t\talt=\"DSC_1039.JPG\"\n\t\t\t\t\tsrc=\"https:\/\/www.endless-hills.de\/wp-content\/gallery\/on-broadway\/thumbs\/thumbs_DSC_1039.JPG?t=1450527624\"\n\t\t\t\t\twidth=\"300\"\n\t\t\t\t\theight=\"300\"\n\t\t\t\t\tstyle=\"max-width:100%;\"\n\t\t\t\t\/>\n\t\t\t<\/a>\n\t\t<\/div>\n\t\t\t\t\t\t\t<\/div>\n\t\t\t\n\t\t\t\t<div id=\"ngg-image-1\" class=\"ngg-gallery-thumbnail-box\n\t\t\t\t\t\t\t\t\t\t\t\"\n\t\t\t>\n\t\t\t\t\t\t<div class=\"ngg-gallery-thumbnail\">\n\t\t<a href=\"https:\/\/www.endless-hills.de\/wp-content\/gallery\/on-broadway\/DSC_1041.JPG?t=1449059091\"\n\t\t\ttitle=\"\"\n\t\t\tdata-src=\"https:\/\/www.endless-hills.de\/wp-content\/gallery\/on-broadway\/DSC_1041.JPG?t=1449059091\"\n\t\t\tdata-thumbnail=\"https:\/\/www.endless-hills.de\/wp-content\/gallery\/on-broadway\/thumbs\/thumbs_DSC_1041.JPG?t=1449059091\"\n\t\t\tdata-image-id=\"7786\"\n\t\t\tdata-image-name=\"DSC_1041.JPG\"\n\t\t\tdata-title=\"DSC_1041.JPG\"\n\t\t\tdata-description=\"\"\n\t\t\tdata-image-slug=\"dsc_1041-jpg\"\n\t\t\t\t\t\t\t\t\t\t\t\t\t\t\t\t\t\t\t\tclass=\"shutterset_36f368ba2083f3a4965027ded3d32d5a\">\n\t\t\t\t\t\t\t\t<img\n\t\t\t\t\ttitle=\"DSC_1041.JPG\"\n\t\t\t\t\talt=\"DSC_1041.JPG\"\n\t\t\t\t\tsrc=\"https:\/\/www.endless-hills.de\/wp-content\/gallery\/on-broadway\/thumbs\/thumbs_DSC_1041.JPG?t=1449059091\"\n\t\t\t\t\twidth=\"300\"\n\t\t\t\t\theight=\"300\"\n\t\t\t\t\tstyle=\"max-width:100%;\"\n\t\t\t\t\/>\n\t\t\t<\/a>\n\t\t<\/div>\n\t\t\t\t\t\t\t<\/div>\n\t\t\t\n\t\t\t\t<div id=\"ngg-image-2\" class=\"ngg-gallery-thumbnail-box\n\t\t\t\t\t\t\t\t\t\t\t\"\n\t\t\t>\n\t\t\t\t\t\t<div class=\"ngg-gallery-thumbnail\">\n\t\t<a href=\"https:\/\/www.endless-hills.de\/wp-content\/gallery\/on-broadway\/DSC_1043.JPG?t=1449059118\"\n\t\t\ttitle=\"\"\n\t\t\tdata-src=\"https:\/\/www.endless-hills.de\/wp-content\/gallery\/on-broadway\/DSC_1043.JPG?t=1449059118\"\n\t\t\tdata-thumbnail=\"https:\/\/www.endless-hills.de\/wp-content\/gallery\/on-broadway\/thumbs\/thumbs_DSC_1043.JPG?t=1449059118\"\n\t\t\tdata-image-id=\"7787\"\n\t\t\tdata-image-name=\"DSC_1043.JPG\"\n\t\t\tdata-title=\"DSC_1043.JPG\"\n\t\t\tdata-description=\"\"\n\t\t\tdata-image-slug=\"dsc_1043-jpg\"\n\t\t\t\t\t\t\t\t\t\t\t\t\t\t\t\t\t\t\t\tclass=\"shutterset_36f368ba2083f3a4965027ded3d32d5a\">\n\t\t\t\t\t\t\t\t<img\n\t\t\t\t\ttitle=\"DSC_1043.JPG\"\n\t\t\t\t\talt=\"DSC_1043.JPG\"\n\t\t\t\t\tsrc=\"https:\/\/www.endless-hills.de\/wp-content\/gallery\/on-broadway\/thumbs\/thumbs_DSC_1043.JPG?t=1449059118\"\n\t\t\t\t\twidth=\"300\"\n\t\t\t\t\theight=\"300\"\n\t\t\t\t\tstyle=\"max-width:100%;\"\n\t\t\t\t\/>\n\t\t\t<\/a>\n\t\t<\/div>\n\t\t\t\t\t\t\t<\/div>\n\t\t\t\n\t\t\t\t<div id=\"ngg-image-3\" class=\"ngg-gallery-thumbnail-box\n\t\t\t\t\t\t\t\t\t\t\t\"\n\t\t\t>\n\t\t\t\t\t\t<div class=\"ngg-gallery-thumbnail\">\n\t\t<a href=\"https:\/\/www.endless-hills.de\/wp-content\/gallery\/on-broadway\/DSC_1044.JPG?t=1449059147\"\n\t\t\ttitle=\"\"\n\t\t\tdata-src=\"https:\/\/www.endless-hills.de\/wp-content\/gallery\/on-broadway\/DSC_1044.JPG?t=1449059147\"\n\t\t\tdata-thumbnail=\"https:\/\/www.endless-hills.de\/wp-content\/gallery\/on-broadway\/thumbs\/thumbs_DSC_1044.JPG?t=1449059147\"\n\t\t\tdata-image-id=\"7788\"\n\t\t\tdata-image-name=\"DSC_1044.JPG\"\n\t\t\tdata-title=\"DSC_1044.JPG\"\n\t\t\tdata-description=\"\"\n\t\t\tdata-image-slug=\"dsc_1044-jpg-1\"\n\t\t\t\t\t\t\t\t\t\t\t\t\t\t\t\t\t\t\t\tclass=\"shutterset_36f368ba2083f3a4965027ded3d32d5a\">\n\t\t\t\t\t\t\t\t<img\n\t\t\t\t\ttitle=\"DSC_1044.JPG\"\n\t\t\t\t\talt=\"DSC_1044.JPG\"\n\t\t\t\t\tsrc=\"https:\/\/www.endless-hills.de\/wp-content\/gallery\/on-broadway\/thumbs\/thumbs_DSC_1044.JPG?t=1449059147\"\n\t\t\t\t\twidth=\"300\"\n\t\t\t\t\theight=\"300\"\n\t\t\t\t\tstyle=\"max-width:100%;\"\n\t\t\t\t\/>\n\t\t\t<\/a>\n\t\t<\/div>\n\t\t\t\t\t\t\t<\/div>\n\t\t\t\n\t\t\t\t<div id=\"ngg-image-4\" class=\"ngg-gallery-thumbnail-box\n\t\t\t\t\t\t\t\t\t\t\t\"\n\t\t\t>\n\t\t\t\t\t\t<div class=\"ngg-gallery-thumbnail\">\n\t\t<a href=\"https:\/\/www.endless-hills.de\/wp-content\/gallery\/on-broadway\/DSC_1046.JPG?t=1449059176\"\n\t\t\ttitle=\"\"\n\t\t\tdata-src=\"https:\/\/www.endless-hills.de\/wp-content\/gallery\/on-broadway\/DSC_1046.JPG?t=1449059176\"\n\t\t\tdata-thumbnail=\"https:\/\/www.endless-hills.de\/wp-content\/gallery\/on-broadway\/thumbs\/thumbs_DSC_1046.JPG?t=1449059176\"\n\t\t\tdata-image-id=\"7789\"\n\t\t\tdata-image-name=\"DSC_1046.JPG\"\n\t\t\tdata-title=\"DSC_1046.JPG\"\n\t\t\tdata-description=\"\"\n\t\t\tdata-image-slug=\"dsc_1046-jpg-1\"\n\t\t\t\t\t\t\t\t\t\t\t\t\t\t\t\t\t\t\t\tclass=\"shutterset_36f368ba2083f3a4965027ded3d32d5a\">\n\t\t\t\t\t\t\t\t<img\n\t\t\t\t\ttitle=\"DSC_1046.JPG\"\n\t\t\t\t\talt=\"DSC_1046.JPG\"\n\t\t\t\t\tsrc=\"https:\/\/www.endless-hills.de\/wp-content\/gallery\/on-broadway\/thumbs\/thumbs_DSC_1046.JPG?t=1449059176\"\n\t\t\t\t\twidth=\"300\"\n\t\t\t\t\theight=\"300\"\n\t\t\t\t\tstyle=\"max-width:100%;\"\n\t\t\t\t\/>\n\t\t\t<\/a>\n\t\t<\/div>\n\t\t\t\t\t\t\t<\/div>\n\t\t\t\n\t\t\t\t<div id=\"ngg-image-5\" class=\"ngg-gallery-thumbnail-box\n\t\t\t\t\t\t\t\t\t\t\t\"\n\t\t\t>\n\t\t\t\t\t\t<div class=\"ngg-gallery-thumbnail\">\n\t\t<a href=\"https:\/\/www.endless-hills.de\/wp-content\/gallery\/on-broadway\/DSC_1047.JPG?t=1449059205\"\n\t\t\ttitle=\"\"\n\t\t\tdata-src=\"https:\/\/www.endless-hills.de\/wp-content\/gallery\/on-broadway\/DSC_1047.JPG?t=1449059205\"\n\t\t\tdata-thumbnail=\"https:\/\/www.endless-hills.de\/wp-content\/gallery\/on-broadway\/thumbs\/thumbs_DSC_1047.JPG?t=1449059205\"\n\t\t\tdata-image-id=\"7790\"\n\t\t\tdata-image-name=\"DSC_1047.JPG\"\n\t\t\tdata-title=\"DSC_1047.JPG\"\n\t\t\tdata-description=\"\"\n\t\t\tdata-image-slug=\"dsc_1047-jpg\"\n\t\t\t\t\t\t\t\t\t\t\t\t\t\t\t\t\t\t\t\tclass=\"shutterset_36f368ba2083f3a4965027ded3d32d5a\">\n\t\t\t\t\t\t\t\t<img\n\t\t\t\t\ttitle=\"DSC_1047.JPG\"\n\t\t\t\t\talt=\"DSC_1047.JPG\"\n\t\t\t\t\tsrc=\"https:\/\/www.endless-hills.de\/wp-content\/gallery\/on-broadway\/thumbs\/thumbs_DSC_1047.JPG?t=1449059205\"\n\t\t\t\t\twidth=\"300\"\n\t\t\t\t\theight=\"300\"\n\t\t\t\t\tstyle=\"max-width:100%;\"\n\t\t\t\t\/>\n\t\t\t<\/a>\n\t\t<\/div>\n\t\t\t\t\t\t\t<\/div>\n\t\t\t\n\t\t\t\t<div id=\"ngg-image-6\" class=\"ngg-gallery-thumbnail-box\n\t\t\t\t\t\t\t\t\t\t\t\"\n\t\t\t>\n\t\t\t\t\t\t<div class=\"ngg-gallery-thumbnail\">\n\t\t<a href=\"https:\/\/www.endless-hills.de\/wp-content\/gallery\/on-broadway\/DSC_1048.JPG?t=1449059234\"\n\t\t\ttitle=\"\"\n\t\t\tdata-src=\"https:\/\/www.endless-hills.de\/wp-content\/gallery\/on-broadway\/DSC_1048.JPG?t=1449059234\"\n\t\t\tdata-thumbnail=\"https:\/\/www.endless-hills.de\/wp-content\/gallery\/on-broadway\/thumbs\/thumbs_DSC_1048.JPG?t=1449059234\"\n\t\t\tdata-image-id=\"7791\"\n\t\t\tdata-image-name=\"DSC_1048.JPG\"\n\t\t\tdata-title=\"DSC_1048.JPG\"\n\t\t\tdata-description=\"\"\n\t\t\tdata-image-slug=\"dsc_1048-jpg\"\n\t\t\t\t\t\t\t\t\t\t\t\t\t\t\t\t\t\t\t\tclass=\"shutterset_36f368ba2083f3a4965027ded3d32d5a\">\n\t\t\t\t\t\t\t\t<img\n\t\t\t\t\ttitle=\"DSC_1048.JPG\"\n\t\t\t\t\talt=\"DSC_1048.JPG\"\n\t\t\t\t\tsrc=\"https:\/\/www.endless-hills.de\/wp-content\/gallery\/on-broadway\/thumbs\/thumbs_DSC_1048.JPG?t=1449059234\"\n\t\t\t\t\twidth=\"300\"\n\t\t\t\t\theight=\"300\"\n\t\t\t\t\tstyle=\"max-width:100%;\"\n\t\t\t\t\/>\n\t\t\t<\/a>\n\t\t<\/div>\n\t\t\t\t\t\t\t<\/div>\n\t\t\t\n\t\t\t\t<div id=\"ngg-image-7\" class=\"ngg-gallery-thumbnail-box\n\t\t\t\t\t\t\t\t\t\t\t\"\n\t\t\t>\n\t\t\t\t\t\t<div class=\"ngg-gallery-thumbnail\">\n\t\t<a href=\"https:\/\/www.endless-hills.de\/wp-content\/gallery\/on-broadway\/DSC_1049.JPG?t=1449059265\"\n\t\t\ttitle=\"\"\n\t\t\tdata-src=\"https:\/\/www.endless-hills.de\/wp-content\/gallery\/on-broadway\/DSC_1049.JPG?t=1449059265\"\n\t\t\tdata-thumbnail=\"https:\/\/www.endless-hills.de\/wp-content\/gallery\/on-broadway\/thumbs\/thumbs_DSC_1049.JPG?t=1449059265\"\n\t\t\tdata-image-id=\"7792\"\n\t\t\tdata-image-name=\"DSC_1049.JPG\"\n\t\t\tdata-title=\"DSC_1049.JPG\"\n\t\t\tdata-description=\"\"\n\t\t\tdata-image-slug=\"dsc_1049-jpg\"\n\t\t\t\t\t\t\t\t\t\t\t\t\t\t\t\t\t\t\t\tclass=\"shutterset_36f368ba2083f3a4965027ded3d32d5a\">\n\t\t\t\t\t\t\t\t<img\n\t\t\t\t\ttitle=\"DSC_1049.JPG\"\n\t\t\t\t\talt=\"DSC_1049.JPG\"\n\t\t\t\t\tsrc=\"https:\/\/www.endless-hills.de\/wp-content\/gallery\/on-broadway\/thumbs\/thumbs_DSC_1049.JPG?t=1449059265\"\n\t\t\t\t\twidth=\"300\"\n\t\t\t\t\theight=\"300\"\n\t\t\t\t\tstyle=\"max-width:100%;\"\n\t\t\t\t\/>\n\t\t\t<\/a>\n\t\t<\/div>\n\t\t\t\t\t\t\t<\/div>\n\t\t\t\n\t\t\t\t<div id=\"ngg-image-8\" class=\"ngg-gallery-thumbnail-box\n\t\t\t\t\t\t\t\t\t\t\t\"\n\t\t\t>\n\t\t\t\t\t\t<div class=\"ngg-gallery-thumbnail\">\n\t\t<a href=\"https:\/\/www.endless-hills.de\/wp-content\/gallery\/on-broadway\/O-Wurf-57-von-103.jpg?t=1449667571\"\n\t\t\ttitle=\"\"\n\t\t\tdata-src=\"https:\/\/www.endless-hills.de\/wp-content\/gallery\/on-broadway\/O-Wurf-57-von-103.jpg?t=1449667571\"\n\t\t\tdata-thumbnail=\"https:\/\/www.endless-hills.de\/wp-content\/gallery\/on-broadway\/thumbs\/thumbs_O-Wurf-57-von-103.jpg?t=1449667571\"\n\t\t\tdata-image-id=\"7869\"\n\t\t\tdata-image-name=\"O-Wurf-57-von-103.jpg\"\n\t\t\tdata-title=\"O Wurf - 57 von 103.jpg\"\n\t\t\tdata-description=\"\"\n\t\t\tdata-image-slug=\"o-wurf-57-von-103-jpg\"\n\t\t\t\t\t\t\t\t\t\t\t\t\t\t\t\t\t\t\t\tclass=\"shutterset_36f368ba2083f3a4965027ded3d32d5a\">\n\t\t\t\t\t\t\t\t<img\n\t\t\t\t\ttitle=\"O Wurf - 57 von 103.jpg\"\n\t\t\t\t\talt=\"O Wurf - 57 von 103.jpg\"\n\t\t\t\t\tsrc=\"https:\/\/www.endless-hills.de\/wp-content\/gallery\/on-broadway\/thumbs\/thumbs_O-Wurf-57-von-103.jpg?t=1449667571\"\n\t\t\t\t\twidth=\"300\"\n\t\t\t\t\theight=\"300\"\n\t\t\t\t\tstyle=\"max-width:100%;\"\n\t\t\t\t\/>\n\t\t\t<\/a>\n\t\t<\/div>\n\t\t\t\t\t\t\t<\/div>\n\t\t\t\n\t\t\t\t<div id=\"ngg-image-9\" class=\"ngg-gallery-thumbnail-box\n\t\t\t\t\t\t\t\t\t\t\t\"\n\t\t\t>\n\t\t\t\t\t\t<div class=\"ngg-gallery-thumbnail\">\n\t\t<a href=\"https:\/\/www.endless-hills.de\/wp-content\/gallery\/on-broadway\/O-Wurf-58-von-103.jpg?t=1449667573\"\n\t\t\ttitle=\"\"\n\t\t\tdata-src=\"https:\/\/www.endless-hills.de\/wp-content\/gallery\/on-broadway\/O-Wurf-58-von-103.jpg?t=1449667573\"\n\t\t\tdata-thumbnail=\"https:\/\/www.endless-hills.de\/wp-content\/gallery\/on-broadway\/thumbs\/thumbs_O-Wurf-58-von-103.jpg?t=1449667573\"\n\t\t\tdata-image-id=\"7870\"\n\t\t\tdata-image-name=\"O-Wurf-58-von-103.jpg\"\n\t\t\tdata-title=\"O Wurf - 58 von 103.jpg\"\n\t\t\tdata-description=\"\"\n\t\t\tdata-image-slug=\"o-wurf-58-von-103-jpg\"\n\t\t\t\t\t\t\t\t\t\t\t\t\t\t\t\t\t\t\t\tclass=\"shutterset_36f368ba2083f3a4965027ded3d32d5a\">\n\t\t\t\t\t\t\t\t<img\n\t\t\t\t\ttitle=\"O Wurf - 58 von 103.jpg\"\n\t\t\t\t\talt=\"O Wurf - 58 von 103.jpg\"\n\t\t\t\t\tsrc=\"https:\/\/www.endless-hills.de\/wp-content\/gallery\/on-broadway\/thumbs\/thumbs_O-Wurf-58-von-103.jpg?t=1449667573\"\n\t\t\t\t\twidth=\"300\"\n\t\t\t\t\theight=\"300\"\n\t\t\t\t\tstyle=\"max-width:100%;\"\n\t\t\t\t\/>\n\t\t\t<\/a>\n\t\t<\/div>\n\t\t\t\t\t\t\t<\/div>\n\t\t\t\n\t\t\t\t<div id=\"ngg-image-10\" class=\"ngg-gallery-thumbnail-box\n\t\t\t\t\t\t\t\t\t\t\t\"\n\t\t\t>\n\t\t\t\t\t\t<div class=\"ngg-gallery-thumbnail\">\n\t\t<a href=\"https:\/\/www.endless-hills.de\/wp-content\/gallery\/on-broadway\/O-Wurf-100-von-103.jpg?t=1449667575\"\n\t\t\ttitle=\"\"\n\t\t\tdata-src=\"https:\/\/www.endless-hills.de\/wp-content\/gallery\/on-broadway\/O-Wurf-100-von-103.jpg?t=1449667575\"\n\t\t\tdata-thumbnail=\"https:\/\/www.endless-hills.de\/wp-content\/gallery\/on-broadway\/thumbs\/thumbs_O-Wurf-100-von-103.jpg?t=1449667575\"\n\t\t\tdata-image-id=\"7871\"\n\t\t\tdata-image-name=\"O-Wurf-100-von-103.jpg\"\n\t\t\tdata-title=\"O Wurf - 100 von 103.jpg\"\n\t\t\tdata-description=\"\"\n\t\t\tdata-image-slug=\"o-wurf-100-von-103-jpg\"\n\t\t\t\t\t\t\t\t\t\t\t\t\t\t\t\t\t\t\t\tclass=\"shutterset_36f368ba2083f3a4965027ded3d32d5a\">\n\t\t\t\t\t\t\t\t<img\n\t\t\t\t\ttitle=\"O Wurf - 100 von 103.jpg\"\n\t\t\t\t\talt=\"O Wurf - 100 von 103.jpg\"\n\t\t\t\t\tsrc=\"https:\/\/www.endless-hills.de\/wp-content\/gallery\/on-broadway\/thumbs\/thumbs_O-Wurf-100-von-103.jpg?t=1449667575\"\n\t\t\t\t\twidth=\"300\"\n\t\t\t\t\theight=\"300\"\n\t\t\t\t\tstyle=\"max-width:100%;\"\n\t\t\t\t\/>\n\t\t\t<\/a>\n\t\t<\/div>\n\t\t\t\t\t\t\t<\/div>\n\t\t\t\n\t\t\t\t<div id=\"ngg-image-11\" class=\"ngg-gallery-thumbnail-box\n\t\t\t\t\t\t\t\t\t\t\t\"\n\t\t\t>\n\t\t\t\t\t\t<div class=\"ngg-gallery-thumbnail\">\n\t\t<a href=\"https:\/\/www.endless-hills.de\/wp-content\/gallery\/on-broadway\/O-Wurf-131-von-138.jpg?t=1451049812\"\n\t\t\ttitle=\"\"\n\t\t\tdata-src=\"https:\/\/www.endless-hills.de\/wp-content\/gallery\/on-broadway\/O-Wurf-131-von-138.jpg?t=1451049812\"\n\t\t\tdata-thumbnail=\"https:\/\/www.endless-hills.de\/wp-content\/gallery\/on-broadway\/thumbs\/thumbs_O-Wurf-131-von-138.jpg?t=1451049812\"\n\t\t\tdata-image-id=\"8004\"\n\t\t\tdata-image-name=\"O-Wurf-131-von-138.jpg\"\n\t\t\tdata-title=\"O Wurf - 131 von 138.jpg\"\n\t\t\tdata-description=\"\"\n\t\t\tdata-image-slug=\"o-wurf-131-von-138-jpg\"\n\t\t\t\t\t\t\t\t\t\t\t\t\t\t\t\t\t\t\t\tclass=\"shutterset_36f368ba2083f3a4965027ded3d32d5a\">\n\t\t\t\t\t\t\t\t<img\n\t\t\t\t\ttitle=\"O Wurf - 131 von 138.jpg\"\n\t\t\t\t\talt=\"O Wurf - 131 von 138.jpg\"\n\t\t\t\t\tsrc=\"https:\/\/www.endless-hills.de\/wp-content\/gallery\/on-broadway\/thumbs\/thumbs_O-Wurf-131-von-138.jpg?t=1451049812\"\n\t\t\t\t\twidth=\"300\"\n\t\t\t\t\theight=\"300\"\n\t\t\t\t\tstyle=\"max-width:100%;\"\n\t\t\t\t\/>\n\t\t\t<\/a>\n\t\t<\/div>\n\t\t\t\t\t\t\t<\/div>\n\t\t\t\n\t\t\t\t<div id=\"ngg-image-12\" class=\"ngg-gallery-thumbnail-box\n\t\t\t\t\t\t\t\t\t\t\t\"\n\t\t\t>\n\t\t\t\t\t\t<div class=\"ngg-gallery-thumbnail\">\n\t\t<a href=\"https:\/\/www.endless-hills.de\/wp-content\/gallery\/on-broadway\/O-Wurf-132-von-138.jpg?t=1451049813\"\n\t\t\ttitle=\"\"\n\t\t\tdata-src=\"https:\/\/www.endless-hills.de\/wp-content\/gallery\/on-broadway\/O-Wurf-132-von-138.jpg?t=1451049813\"\n\t\t\tdata-thumbnail=\"https:\/\/www.endless-hills.de\/wp-content\/gallery\/on-broadway\/thumbs\/thumbs_O-Wurf-132-von-138.jpg?t=1451049813\"\n\t\t\tdata-image-id=\"8005\"\n\t\t\tdata-image-name=\"O-Wurf-132-von-138.jpg\"\n\t\t\tdata-title=\"O Wurf - 132 von 138.jpg\"\n\t\t\tdata-description=\"\"\n\t\t\tdata-image-slug=\"o-wurf-132-von-138-jpg\"\n\t\t\t\t\t\t\t\t\t\t\t\t\t\t\t\t\t\t\t\tclass=\"shutterset_36f368ba2083f3a4965027ded3d32d5a\">\n\t\t\t\t\t\t\t\t<img\n\t\t\t\t\ttitle=\"O Wurf - 132 von 138.jpg\"\n\t\t\t\t\talt=\"O Wurf - 132 von 138.jpg\"\n\t\t\t\t\tsrc=\"https:\/\/www.endless-hills.de\/wp-content\/gallery\/on-broadway\/thumbs\/thumbs_O-Wurf-132-von-138.jpg?t=1451049813\"\n\t\t\t\t\twidth=\"300\"\n\t\t\t\t\theight=\"300\"\n\t\t\t\t\tstyle=\"max-width:100%;\"\n\t\t\t\t\/>\n\t\t\t<\/a>\n\t\t<\/div>\n\t\t\t\t\t\t\t<\/div>\n\t\t\t\n\t\t\t\t<div id=\"ngg-image-13\" class=\"ngg-gallery-thumbnail-box\n\t\t\t\t\t\t\t\t\t\t\t\"\n\t\t\t>\n\t\t\t\t\t\t<div class=\"ngg-gallery-thumbnail\">\n\t\t<a href=\"https:\/\/www.endless-hills.de\/wp-content\/gallery\/on-broadway\/O-Wurf-135-von-138.jpg?t=1451049815\"\n\t\t\ttitle=\"\"\n\t\t\tdata-src=\"https:\/\/www.endless-hills.de\/wp-content\/gallery\/on-broadway\/O-Wurf-135-von-138.jpg?t=1451049815\"\n\t\t\tdata-thumbnail=\"https:\/\/www.endless-hills.de\/wp-content\/gallery\/on-broadway\/thumbs\/thumbs_O-Wurf-135-von-138.jpg?t=1451049815\"\n\t\t\tdata-image-id=\"8006\"\n\t\t\tdata-image-name=\"O-Wurf-135-von-138.jpg\"\n\t\t\tdata-title=\"O Wurf - 135 von 138.jpg\"\n\t\t\tdata-description=\"\"\n\t\t\tdata-image-slug=\"o-wurf-135-von-138-jpg\"\n\t\t\t\t\t\t\t\t\t\t\t\t\t\t\t\t\t\t\t\tclass=\"shutterset_36f368ba2083f3a4965027ded3d32d5a\">\n\t\t\t\t\t\t\t\t<img\n\t\t\t\t\ttitle=\"O Wurf - 135 von 138.jpg\"\n\t\t\t\t\talt=\"O Wurf - 135 von 138.jpg\"\n\t\t\t\t\tsrc=\"https:\/\/www.endless-hills.de\/wp-content\/gallery\/on-broadway\/thumbs\/thumbs_O-Wurf-135-von-138.jpg?t=1451049815\"\n\t\t\t\t\twidth=\"300\"\n\t\t\t\t\theight=\"300\"\n\t\t\t\t\tstyle=\"max-width:100%;\"\n\t\t\t\t\/>\n\t\t\t<\/a>\n\t\t<\/div>\n\t\t\t\t\t\t\t<\/div>\n\t\t\t\n\t\t\t\t<div id=\"ngg-image-14\" class=\"ngg-gallery-thumbnail-box\n\t\t\t\t\t\t\t\t\t\t\t\"\n\t\t\t>\n\t\t\t\t\t\t<div class=\"ngg-gallery-thumbnail\">\n\t\t<a href=\"https:\/\/www.endless-hills.de\/wp-content\/gallery\/on-broadway\/O-Wurf-136-von-138.jpg?t=1451049817\"\n\t\t\ttitle=\"\"\n\t\t\tdata-src=\"https:\/\/www.endless-hills.de\/wp-content\/gallery\/on-broadway\/O-Wurf-136-von-138.jpg?t=1451049817\"\n\t\t\tdata-thumbnail=\"https:\/\/www.endless-hills.de\/wp-content\/gallery\/on-broadway\/thumbs\/thumbs_O-Wurf-136-von-138.jpg?t=1451049817\"\n\t\t\tdata-image-id=\"8007\"\n\t\t\tdata-image-name=\"O-Wurf-136-von-138.jpg\"\n\t\t\tdata-title=\"O Wurf - 136 von 138.jpg\"\n\t\t\tdata-description=\"\"\n\t\t\tdata-image-slug=\"o-wurf-136-von-138-jpg\"\n\t\t\t\t\t\t\t\t\t\t\t\t\t\t\t\t\t\t\t\tclass=\"shutterset_36f368ba2083f3a4965027ded3d32d5a\">\n\t\t\t\t\t\t\t\t<img\n\t\t\t\t\ttitle=\"O Wurf - 136 von 138.jpg\"\n\t\t\t\t\talt=\"O Wurf - 136 von 138.jpg\"\n\t\t\t\t\tsrc=\"https:\/\/www.endless-hills.de\/wp-content\/gallery\/on-broadway\/thumbs\/thumbs_O-Wurf-136-von-138.jpg?t=1451049817\"\n\t\t\t\t\twidth=\"300\"\n\t\t\t\t\theight=\"300\"\n\t\t\t\t\tstyle=\"max-width:100%;\"\n\t\t\t\t\/>\n\t\t\t<\/a>\n\t\t<\/div>\n\t\t\t\t\t\t\t<\/div>\n\t\t\t\n\t\t\t\t<div id=\"ngg-image-15\" class=\"ngg-gallery-thumbnail-box\n\t\t\t\t\t\t\t\t\t\t\t\"\n\t\t\t>\n\t\t\t\t\t\t<div class=\"ngg-gallery-thumbnail\">\n\t\t<a href=\"https:\/\/www.endless-hills.de\/wp-content\/gallery\/on-broadway\/O-Wurf-137-von-138.jpg?t=1451049819\"\n\t\t\ttitle=\"\"\n\t\t\tdata-src=\"https:\/\/www.endless-hills.de\/wp-content\/gallery\/on-broadway\/O-Wurf-137-von-138.jpg?t=1451049819\"\n\t\t\tdata-thumbnail=\"https:\/\/www.endless-hills.de\/wp-content\/gallery\/on-broadway\/thumbs\/thumbs_O-Wurf-137-von-138.jpg?t=1451049819\"\n\t\t\tdata-image-id=\"8008\"\n\t\t\tdata-image-name=\"O-Wurf-137-von-138.jpg\"\n\t\t\tdata-title=\"O Wurf - 137 von 138.jpg\"\n\t\t\tdata-description=\"\"\n\t\t\tdata-image-slug=\"o-wurf-137-von-138-jpg\"\n\t\t\t\t\t\t\t\t\t\t\t\t\t\t\t\t\t\t\t\tclass=\"shutterset_36f368ba2083f3a4965027ded3d32d5a\">\n\t\t\t\t\t\t\t\t<img\n\t\t\t\t\ttitle=\"O Wurf - 137 von 138.jpg\"\n\t\t\t\t\talt=\"O Wurf - 137 von 138.jpg\"\n\t\t\t\t\tsrc=\"https:\/\/www.endless-hills.de\/wp-content\/gallery\/on-broadway\/thumbs\/thumbs_O-Wurf-137-von-138.jpg?t=1451049819\"\n\t\t\t\t\twidth=\"300\"\n\t\t\t\t\theight=\"300\"\n\t\t\t\t\tstyle=\"max-width:100%;\"\n\t\t\t\t\/>\n\t\t\t<\/a>\n\t\t<\/div>\n\t\t\t\t\t\t\t<\/div>\n\t\t\t\n\t\t\t\t<div id=\"ngg-image-16\" class=\"ngg-gallery-thumbnail-box\n\t\t\t\t\t\t\t\t\t\t\t\"\n\t\t\t>\n\t\t\t\t\t\t<div class=\"ngg-gallery-thumbnail\">\n\t\t<a href=\"https:\/\/www.endless-hills.de\/wp-content\/gallery\/on-broadway\/O-Wurf-138-von-138.jpg?t=1451049821\"\n\t\t\ttitle=\"\"\n\t\t\tdata-src=\"https:\/\/www.endless-hills.de\/wp-content\/gallery\/on-broadway\/O-Wurf-138-von-138.jpg?t=1451049821\"\n\t\t\tdata-thumbnail=\"https:\/\/www.endless-hills.de\/wp-content\/gallery\/on-broadway\/thumbs\/thumbs_O-Wurf-138-von-138.jpg?t=1451049821\"\n\t\t\tdata-image-id=\"8009\"\n\t\t\tdata-image-name=\"O-Wurf-138-von-138.jpg\"\n\t\t\tdata-title=\"O Wurf - 138 von 138.jpg\"\n\t\t\tdata-description=\"\"\n\t\t\tdata-image-slug=\"o-wurf-138-von-138-jpg\"\n\t\t\t\t\t\t\t\t\t\t\t\t\t\t\t\t\t\t\t\tclass=\"shutterset_36f368ba2083f3a4965027ded3d32d5a\">\n\t\t\t\t\t\t\t\t<img\n\t\t\t\t\ttitle=\"O Wurf - 138 von 138.jpg\"\n\t\t\t\t\talt=\"O Wurf - 138 von 138.jpg\"\n\t\t\t\t\tsrc=\"https:\/\/www.endless-hills.de\/wp-content\/gallery\/on-broadway\/thumbs\/thumbs_O-Wurf-138-von-138.jpg?t=1451049821\"\n\t\t\t\t\twidth=\"300\"\n\t\t\t\t\theight=\"300\"\n\t\t\t\t\tstyle=\"max-width:100%;\"\n\t\t\t\t\/>\n\t\t\t<\/a>\n\t\t<\/div>\n\t\t\t\t\t\t\t<\/div>\n\t\t\t\n\t\n\t<br style=\"clear: both\" \/>\n\n\t\t<div class=\"slideshowlink\">\n\t\t<a href='https:\/\/www.endless-hills.de\/index.php\/nggallery\/slideshow?page_id=11615'>[Zeige als Diashow]<\/a>\n\n\t<\/div>\n\t\n\t\t<!-- Pagination -->\n\t\t<div class='ngg-clear'><\/div>\t<\/div>\n<\/p>\n","protected":false},"excerpt":{"rendered":"<p>darksable R\u00fcde geboren um 8.16 mit 265g Broady hat eine interessant geformte sehr breite Halskrause, passend zur kommenden Weihnachtszeit in Form einer Tanne. Er ist der dunkelste. Ein Schneefl\u00f6ckchen ziert seinen R\u00fccken, dies macht ihn einfach unverwechselbar! Er wird das Leben von Familie K. wieder bunt und fr\u00f6hlich machen:) [Zeige als Diashow]<\/p>\n","protected":false},"author":3,"featured_media":0,"parent":11595,"menu_order":8,"comment_status":"closed","ping_status":"closed","template":"","meta":{"ngg_post_thumbnail":0,"footnotes":""},"class_list":["post-11615","page","type-page","status-publish","hentry"],"_links":{"self":[{"href":"https:\/\/www.endless-hills.de\/index.php?rest_route=\/wp\/v2\/pages\/11615","targetHints":{"allow":["GET"]}}],"collection":[{"href":"https:\/\/www.endless-hills.de\/index.php?rest_route=\/wp\/v2\/pages"}],"about":[{"href":"https:\/\/www.endless-hills.de\/index.php?rest_route=\/wp\/v2\/types\/page"}],"author":[{"embeddable":true,"href":"https:\/\/www.endless-hills.de\/index.php?rest_route=\/wp\/v2\/users\/3"}],"replies":[{"embeddable":true,"href":"https:\/\/www.endless-hills.de\/index.php?rest_route=%2Fwp%2Fv2%2Fcomments&post=11615"}],"version-history":[{"count":6,"href":"https:\/\/www.endless-hills.de\/index.php?rest_route=\/wp\/v2\/pages\/11615\/revisions"}],"predecessor-version":[{"id":12180,"href":"https:\/\/www.endless-hills.de\/index.php?rest_route=\/wp\/v2\/pages\/11615\/revisions\/12180"}],"up":[{"embeddable":true,"href":"https:\/\/www.endless-hills.de\/index.php?rest_route=\/wp\/v2\/pages\/11595"}],"wp:attachment":[{"href":"https:\/\/www.endless-hills.de\/index.php?rest_route=%2Fwp%2Fv2%2Fmedia&parent=11615"}],"curies":[{"name":"wp","href":"https:\/\/api.w.org\/{rel}","templated":true}]}}