{"id":11611,"date":"2015-11-25T16:56:30","date_gmt":"2015-11-25T15:56:30","guid":{"rendered":"http:\/\/www.endless-hills.de\/?page_id=11611"},"modified":"2015-12-19T22:23:31","modified_gmt":"2015-12-19T21:23:31","slug":"oh-fly-me-to-the-moon","status":"publish","type":"page","link":"https:\/\/www.endless-hills.de\/?page_id=11611","title":{"rendered":"Oh Fly Me To The Moon &#8211; reserviert"},"content":{"rendered":"<p>goldsable R\u00fcde<\/p>\n<p>geboren um 6.37 mit 260g<\/p>\n<p>Jasper hat eine s\u00fc\u00dfe Milchschnauze. Seine breite Halskrause macht rechts einen braunen Bogen. Er wird zuk\u00fcnftig das Leben von Fam. N. aus M\u00fcnchen neu auf den Kopf stellen und tritt in die Fu\u00dfstapfen des kleinen Sheltie Mannes Grisu, mit dem die Familie vorher viele wundervolle Stunden ihres Lebens verbringen durfte. Wir hoffen, er bringt wieder Freude, Schwung und Glanz in euer Leben und ihr durchlebt neue zauberhafte Momente gemeinsam mit unserem Schatz! Es ist uns eine gro\u00dfe Freude so nette Menschen wie euch kennen gelernt zu haben und euch einen unserer s\u00fc\u00dfen Goldklumpen anvertrauen zu d\u00fcrfen.<\/p>\n<p><!-- default-view.php -->\n<div\n\tclass=\"ngg-galleryoverview default-view\n\t ngg-ajax-pagination-none\t\"\n\tid=\"ngg-gallery-9ca087fe022f93b5b87bf8d22195c649-1\"\n\tdata-gallery-id=\"156\">\n\n\t\t<!-- Thumbnails -->\n\t\t\t\t<div id=\"ngg-image-0\" class=\"ngg-gallery-thumbnail-box\n\t\t\t\t\t\t\t\t\t\t\t\"\n\t\t\t>\n\t\t\t\t\t\t<div class=\"ngg-gallery-thumbnail\">\n\t\t\t<a href=\"https:\/\/www.endless-hills.de\/wp-content\/gallery\/oh-fly-me-to-the-moon\/DSC_1001.JPG\"\n\t\t\t\ttitle=\"\"\n\t\t\t\tdata-src=\"https:\/\/www.endless-hills.de\/wp-content\/gallery\/oh-fly-me-to-the-moon\/DSC_1001.JPG\"\n\t\t\t\tdata-thumbnail=\"https:\/\/www.endless-hills.de\/wp-content\/gallery\/oh-fly-me-to-the-moon\/thumbs\/thumbs_DSC_1001.JPG\"\n\t\t\t\tdata-image-id=\"7771\"\n\t\t\t\tdata-title=\"DSC_1001.JPG\"\n\t\t\t\tdata-description=\"\"\n\t\t\t\tdata-image-slug=\"dsc_1001-jpg-1\"\n\t\t\t\t\t\t\t\t\t\t\t\t\t\t\t\t\t\t\t\tclass=\"shutterset_9ca087fe022f93b5b87bf8d22195c649\">\n\t\t\t\t\t\t\t\t<img\n\t\t\t\t\ttitle=\"DSC_1001.JPG\"\n\t\t\t\t\talt=\"DSC_1001.JPG\"\n\t\t\t\t\tsrc=\"https:\/\/www.endless-hills.de\/wp-content\/gallery\/oh-fly-me-to-the-moon\/thumbs\/thumbs_DSC_1001.JPG\"\n\t\t\t\t\twidth=\"300\"\n\t\t\t\t\theight=\"300\"\n\t\t\t\t\tstyle=\"max-width:100%;\"\n\t\t\t\t\/>\n\t\t\t<\/a>\n\t\t<\/div>\n\t\t\t\t\t\t\t<\/div>\n\t\t\t\n\t\t\t\t<div id=\"ngg-image-1\" class=\"ngg-gallery-thumbnail-box\n\t\t\t\t\t\t\t\t\t\t\t\"\n\t\t\t>\n\t\t\t\t\t\t<div class=\"ngg-gallery-thumbnail\">\n\t\t\t<a href=\"https:\/\/www.endless-hills.de\/wp-content\/gallery\/oh-fly-me-to-the-moon\/DSC_1003.JPG\"\n\t\t\t\ttitle=\"\"\n\t\t\t\tdata-src=\"https:\/\/www.endless-hills.de\/wp-content\/gallery\/oh-fly-me-to-the-moon\/DSC_1003.JPG\"\n\t\t\t\tdata-thumbnail=\"https:\/\/www.endless-hills.de\/wp-content\/gallery\/oh-fly-me-to-the-moon\/thumbs\/thumbs_DSC_1003.JPG\"\n\t\t\t\tdata-image-id=\"7772\"\n\t\t\t\tdata-title=\"DSC_1003.JPG\"\n\t\t\t\tdata-description=\"\"\n\t\t\t\tdata-image-slug=\"dsc_1003-jpg\"\n\t\t\t\t\t\t\t\t\t\t\t\t\t\t\t\t\t\t\t\tclass=\"shutterset_9ca087fe022f93b5b87bf8d22195c649\">\n\t\t\t\t\t\t\t\t<img\n\t\t\t\t\ttitle=\"DSC_1003.JPG\"\n\t\t\t\t\talt=\"DSC_1003.JPG\"\n\t\t\t\t\tsrc=\"https:\/\/www.endless-hills.de\/wp-content\/gallery\/oh-fly-me-to-the-moon\/thumbs\/thumbs_DSC_1003.JPG\"\n\t\t\t\t\twidth=\"300\"\n\t\t\t\t\theight=\"300\"\n\t\t\t\t\tstyle=\"max-width:100%;\"\n\t\t\t\t\/>\n\t\t\t<\/a>\n\t\t<\/div>\n\t\t\t\t\t\t\t<\/div>\n\t\t\t\n\t\t\t\t<div id=\"ngg-image-2\" class=\"ngg-gallery-thumbnail-box\n\t\t\t\t\t\t\t\t\t\t\t\"\n\t\t\t>\n\t\t\t\t\t\t<div class=\"ngg-gallery-thumbnail\">\n\t\t\t<a href=\"https:\/\/www.endless-hills.de\/wp-content\/gallery\/oh-fly-me-to-the-moon\/DSC_1006.JPG\"\n\t\t\t\ttitle=\"\"\n\t\t\t\tdata-src=\"https:\/\/www.endless-hills.de\/wp-content\/gallery\/oh-fly-me-to-the-moon\/DSC_1006.JPG\"\n\t\t\t\tdata-thumbnail=\"https:\/\/www.endless-hills.de\/wp-content\/gallery\/oh-fly-me-to-the-moon\/thumbs\/thumbs_DSC_1006.JPG\"\n\t\t\t\tdata-image-id=\"7773\"\n\t\t\t\tdata-title=\"DSC_1006.JPG\"\n\t\t\t\tdata-description=\"\"\n\t\t\t\tdata-image-slug=\"dsc_1006-jpg\"\n\t\t\t\t\t\t\t\t\t\t\t\t\t\t\t\t\t\t\t\tclass=\"shutterset_9ca087fe022f93b5b87bf8d22195c649\">\n\t\t\t\t\t\t\t\t<img\n\t\t\t\t\ttitle=\"DSC_1006.JPG\"\n\t\t\t\t\talt=\"DSC_1006.JPG\"\n\t\t\t\t\tsrc=\"https:\/\/www.endless-hills.de\/wp-content\/gallery\/oh-fly-me-to-the-moon\/thumbs\/thumbs_DSC_1006.JPG\"\n\t\t\t\t\twidth=\"300\"\n\t\t\t\t\theight=\"300\"\n\t\t\t\t\tstyle=\"max-width:100%;\"\n\t\t\t\t\/>\n\t\t\t<\/a>\n\t\t<\/div>\n\t\t\t\t\t\t\t<\/div>\n\t\t\t\n\t\t\t\t<div id=\"ngg-image-3\" class=\"ngg-gallery-thumbnail-box\n\t\t\t\t\t\t\t\t\t\t\t\"\n\t\t\t>\n\t\t\t\t\t\t<div class=\"ngg-gallery-thumbnail\">\n\t\t\t<a href=\"https:\/\/www.endless-hills.de\/wp-content\/gallery\/oh-fly-me-to-the-moon\/DSC_1011.JPG\"\n\t\t\t\ttitle=\"\"\n\t\t\t\tdata-src=\"https:\/\/www.endless-hills.de\/wp-content\/gallery\/oh-fly-me-to-the-moon\/DSC_1011.JPG\"\n\t\t\t\tdata-thumbnail=\"https:\/\/www.endless-hills.de\/wp-content\/gallery\/oh-fly-me-to-the-moon\/thumbs\/thumbs_DSC_1011.JPG\"\n\t\t\t\tdata-image-id=\"7774\"\n\t\t\t\tdata-title=\"DSC_1011.JPG\"\n\t\t\t\tdata-description=\"\"\n\t\t\t\tdata-image-slug=\"dsc_1011-jpg-2\"\n\t\t\t\t\t\t\t\t\t\t\t\t\t\t\t\t\t\t\t\tclass=\"shutterset_9ca087fe022f93b5b87bf8d22195c649\">\n\t\t\t\t\t\t\t\t<img\n\t\t\t\t\ttitle=\"DSC_1011.JPG\"\n\t\t\t\t\talt=\"DSC_1011.JPG\"\n\t\t\t\t\tsrc=\"https:\/\/www.endless-hills.de\/wp-content\/gallery\/oh-fly-me-to-the-moon\/thumbs\/thumbs_DSC_1011.JPG\"\n\t\t\t\t\twidth=\"300\"\n\t\t\t\t\theight=\"300\"\n\t\t\t\t\tstyle=\"max-width:100%;\"\n\t\t\t\t\/>\n\t\t\t<\/a>\n\t\t<\/div>\n\t\t\t\t\t\t\t<\/div>\n\t\t\t\n\t\t\t\t<div id=\"ngg-image-4\" class=\"ngg-gallery-thumbnail-box\n\t\t\t\t\t\t\t\t\t\t\t\"\n\t\t\t>\n\t\t\t\t\t\t<div class=\"ngg-gallery-thumbnail\">\n\t\t\t<a href=\"https:\/\/www.endless-hills.de\/wp-content\/gallery\/oh-fly-me-to-the-moon\/DSC_1014.JPG\"\n\t\t\t\ttitle=\"\"\n\t\t\t\tdata-src=\"https:\/\/www.endless-hills.de\/wp-content\/gallery\/oh-fly-me-to-the-moon\/DSC_1014.JPG\"\n\t\t\t\tdata-thumbnail=\"https:\/\/www.endless-hills.de\/wp-content\/gallery\/oh-fly-me-to-the-moon\/thumbs\/thumbs_DSC_1014.JPG\"\n\t\t\t\tdata-image-id=\"7775\"\n\t\t\t\tdata-title=\"DSC_1014.JPG\"\n\t\t\t\tdata-description=\"\"\n\t\t\t\tdata-image-slug=\"dsc_1014-jpg-1\"\n\t\t\t\t\t\t\t\t\t\t\t\t\t\t\t\t\t\t\t\tclass=\"shutterset_9ca087fe022f93b5b87bf8d22195c649\">\n\t\t\t\t\t\t\t\t<img\n\t\t\t\t\ttitle=\"DSC_1014.JPG\"\n\t\t\t\t\talt=\"DSC_1014.JPG\"\n\t\t\t\t\tsrc=\"https:\/\/www.endless-hills.de\/wp-content\/gallery\/oh-fly-me-to-the-moon\/thumbs\/thumbs_DSC_1014.JPG\"\n\t\t\t\t\twidth=\"300\"\n\t\t\t\t\theight=\"300\"\n\t\t\t\t\tstyle=\"max-width:100%;\"\n\t\t\t\t\/>\n\t\t\t<\/a>\n\t\t<\/div>\n\t\t\t\t\t\t\t<\/div>\n\t\t\t\n\t\t\t\t<div id=\"ngg-image-5\" class=\"ngg-gallery-thumbnail-box\n\t\t\t\t\t\t\t\t\t\t\t\"\n\t\t\t>\n\t\t\t\t\t\t<div class=\"ngg-gallery-thumbnail\">\n\t\t\t<a href=\"https:\/\/www.endless-hills.de\/wp-content\/gallery\/oh-fly-me-to-the-moon\/DSC_1015.JPG\"\n\t\t\t\ttitle=\"\"\n\t\t\t\tdata-src=\"https:\/\/www.endless-hills.de\/wp-content\/gallery\/oh-fly-me-to-the-moon\/DSC_1015.JPG\"\n\t\t\t\tdata-thumbnail=\"https:\/\/www.endless-hills.de\/wp-content\/gallery\/oh-fly-me-to-the-moon\/thumbs\/thumbs_DSC_1015.JPG\"\n\t\t\t\tdata-image-id=\"7776\"\n\t\t\t\tdata-title=\"DSC_1015.JPG\"\n\t\t\t\tdata-description=\"\"\n\t\t\t\tdata-image-slug=\"dsc_1015-jpg-1\"\n\t\t\t\t\t\t\t\t\t\t\t\t\t\t\t\t\t\t\t\tclass=\"shutterset_9ca087fe022f93b5b87bf8d22195c649\">\n\t\t\t\t\t\t\t\t<img\n\t\t\t\t\ttitle=\"DSC_1015.JPG\"\n\t\t\t\t\talt=\"DSC_1015.JPG\"\n\t\t\t\t\tsrc=\"https:\/\/www.endless-hills.de\/wp-content\/gallery\/oh-fly-me-to-the-moon\/thumbs\/thumbs_DSC_1015.JPG\"\n\t\t\t\t\twidth=\"300\"\n\t\t\t\t\theight=\"300\"\n\t\t\t\t\tstyle=\"max-width:100%;\"\n\t\t\t\t\/>\n\t\t\t<\/a>\n\t\t<\/div>\n\t\t\t\t\t\t\t<\/div>\n\t\t\t\n\t\t\t\t<div id=\"ngg-image-6\" class=\"ngg-gallery-thumbnail-box\n\t\t\t\t\t\t\t\t\t\t\t\"\n\t\t\t>\n\t\t\t\t\t\t<div class=\"ngg-gallery-thumbnail\">\n\t\t\t<a href=\"https:\/\/www.endless-hills.de\/wp-content\/gallery\/oh-fly-me-to-the-moon\/O-Wurf-48-von-103.jpg\"\n\t\t\t\ttitle=\"\"\n\t\t\t\tdata-src=\"https:\/\/www.endless-hills.de\/wp-content\/gallery\/oh-fly-me-to-the-moon\/O-Wurf-48-von-103.jpg\"\n\t\t\t\tdata-thumbnail=\"https:\/\/www.endless-hills.de\/wp-content\/gallery\/oh-fly-me-to-the-moon\/thumbs\/thumbs_O-Wurf-48-von-103.jpg\"\n\t\t\t\tdata-image-id=\"7853\"\n\t\t\t\tdata-title=\"O Wurf - 48 von 103.jpg\"\n\t\t\t\tdata-description=\"\"\n\t\t\t\tdata-image-slug=\"o-wurf-48-von-103-jpg\"\n\t\t\t\t\t\t\t\t\t\t\t\t\t\t\t\t\t\t\t\tclass=\"shutterset_9ca087fe022f93b5b87bf8d22195c649\">\n\t\t\t\t\t\t\t\t<img\n\t\t\t\t\ttitle=\"O Wurf - 48 von 103.jpg\"\n\t\t\t\t\talt=\"O Wurf - 48 von 103.jpg\"\n\t\t\t\t\tsrc=\"https:\/\/www.endless-hills.de\/wp-content\/gallery\/oh-fly-me-to-the-moon\/thumbs\/thumbs_O-Wurf-48-von-103.jpg\"\n\t\t\t\t\twidth=\"300\"\n\t\t\t\t\theight=\"300\"\n\t\t\t\t\tstyle=\"max-width:100%;\"\n\t\t\t\t\/>\n\t\t\t<\/a>\n\t\t<\/div>\n\t\t\t\t\t\t\t<\/div>\n\t\t\t\n\t\t\t\t<div id=\"ngg-image-7\" class=\"ngg-gallery-thumbnail-box\n\t\t\t\t\t\t\t\t\t\t\t\"\n\t\t\t>\n\t\t\t\t\t\t<div class=\"ngg-gallery-thumbnail\">\n\t\t\t<a href=\"https:\/\/www.endless-hills.de\/wp-content\/gallery\/oh-fly-me-to-the-moon\/O-Wurf-50-von-103.jpg\"\n\t\t\t\ttitle=\"\"\n\t\t\t\tdata-src=\"https:\/\/www.endless-hills.de\/wp-content\/gallery\/oh-fly-me-to-the-moon\/O-Wurf-50-von-103.jpg\"\n\t\t\t\tdata-thumbnail=\"https:\/\/www.endless-hills.de\/wp-content\/gallery\/oh-fly-me-to-the-moon\/thumbs\/thumbs_O-Wurf-50-von-103.jpg\"\n\t\t\t\tdata-image-id=\"7854\"\n\t\t\t\tdata-title=\"O Wurf - 50 von 103.jpg\"\n\t\t\t\tdata-description=\"\"\n\t\t\t\tdata-image-slug=\"o-wurf-50-von-103-jpg\"\n\t\t\t\t\t\t\t\t\t\t\t\t\t\t\t\t\t\t\t\tclass=\"shutterset_9ca087fe022f93b5b87bf8d22195c649\">\n\t\t\t\t\t\t\t\t<img\n\t\t\t\t\ttitle=\"O Wurf - 50 von 103.jpg\"\n\t\t\t\t\talt=\"O Wurf - 50 von 103.jpg\"\n\t\t\t\t\tsrc=\"https:\/\/www.endless-hills.de\/wp-content\/gallery\/oh-fly-me-to-the-moon\/thumbs\/thumbs_O-Wurf-50-von-103.jpg\"\n\t\t\t\t\twidth=\"300\"\n\t\t\t\t\theight=\"300\"\n\t\t\t\t\tstyle=\"max-width:100%;\"\n\t\t\t\t\/>\n\t\t\t<\/a>\n\t\t<\/div>\n\t\t\t\t\t\t\t<\/div>\n\t\t\t\n\t\t\t\t<div id=\"ngg-image-8\" class=\"ngg-gallery-thumbnail-box\n\t\t\t\t\t\t\t\t\t\t\t\"\n\t\t\t>\n\t\t\t\t\t\t<div class=\"ngg-gallery-thumbnail\">\n\t\t\t<a href=\"https:\/\/www.endless-hills.de\/wp-content\/gallery\/oh-fly-me-to-the-moon\/O-Wurf-51-von-103.jpg\"\n\t\t\t\ttitle=\"\"\n\t\t\t\tdata-src=\"https:\/\/www.endless-hills.de\/wp-content\/gallery\/oh-fly-me-to-the-moon\/O-Wurf-51-von-103.jpg\"\n\t\t\t\tdata-thumbnail=\"https:\/\/www.endless-hills.de\/wp-content\/gallery\/oh-fly-me-to-the-moon\/thumbs\/thumbs_O-Wurf-51-von-103.jpg\"\n\t\t\t\tdata-image-id=\"7855\"\n\t\t\t\tdata-title=\"O Wurf - 51 von 103.jpg\"\n\t\t\t\tdata-description=\"\"\n\t\t\t\tdata-image-slug=\"o-wurf-51-von-103-jpg\"\n\t\t\t\t\t\t\t\t\t\t\t\t\t\t\t\t\t\t\t\tclass=\"shutterset_9ca087fe022f93b5b87bf8d22195c649\">\n\t\t\t\t\t\t\t\t<img\n\t\t\t\t\ttitle=\"O Wurf - 51 von 103.jpg\"\n\t\t\t\t\talt=\"O Wurf - 51 von 103.jpg\"\n\t\t\t\t\tsrc=\"https:\/\/www.endless-hills.de\/wp-content\/gallery\/oh-fly-me-to-the-moon\/thumbs\/thumbs_O-Wurf-51-von-103.jpg\"\n\t\t\t\t\twidth=\"300\"\n\t\t\t\t\theight=\"300\"\n\t\t\t\t\tstyle=\"max-width:100%;\"\n\t\t\t\t\/>\n\t\t\t<\/a>\n\t\t<\/div>\n\t\t\t\t\t\t\t<\/div>\n\t\t\t\n\t\t\t\t<div id=\"ngg-image-9\" class=\"ngg-gallery-thumbnail-box\n\t\t\t\t\t\t\t\t\t\t\t\"\n\t\t\t>\n\t\t\t\t\t\t<div class=\"ngg-gallery-thumbnail\">\n\t\t\t<a href=\"https:\/\/www.endless-hills.de\/wp-content\/gallery\/oh-fly-me-to-the-moon\/O-Wurf-52-von-103.jpg\"\n\t\t\t\ttitle=\"\"\n\t\t\t\tdata-src=\"https:\/\/www.endless-hills.de\/wp-content\/gallery\/oh-fly-me-to-the-moon\/O-Wurf-52-von-103.jpg\"\n\t\t\t\tdata-thumbnail=\"https:\/\/www.endless-hills.de\/wp-content\/gallery\/oh-fly-me-to-the-moon\/thumbs\/thumbs_O-Wurf-52-von-103.jpg\"\n\t\t\t\tdata-image-id=\"7856\"\n\t\t\t\tdata-title=\"O Wurf - 52 von 103.jpg\"\n\t\t\t\tdata-description=\"\"\n\t\t\t\tdata-image-slug=\"o-wurf-52-von-103-jpg\"\n\t\t\t\t\t\t\t\t\t\t\t\t\t\t\t\t\t\t\t\tclass=\"shutterset_9ca087fe022f93b5b87bf8d22195c649\">\n\t\t\t\t\t\t\t\t<img\n\t\t\t\t\ttitle=\"O Wurf - 52 von 103.jpg\"\n\t\t\t\t\talt=\"O Wurf - 52 von 103.jpg\"\n\t\t\t\t\tsrc=\"https:\/\/www.endless-hills.de\/wp-content\/gallery\/oh-fly-me-to-the-moon\/thumbs\/thumbs_O-Wurf-52-von-103.jpg\"\n\t\t\t\t\twidth=\"300\"\n\t\t\t\t\theight=\"300\"\n\t\t\t\t\tstyle=\"max-width:100%;\"\n\t\t\t\t\/>\n\t\t\t<\/a>\n\t\t<\/div>\n\t\t\t\t\t\t\t<\/div>\n\t\t\t\n\t\t\t\t<div id=\"ngg-image-10\" class=\"ngg-gallery-thumbnail-box\n\t\t\t\t\t\t\t\t\t\t\t\"\n\t\t\t>\n\t\t\t\t\t\t<div class=\"ngg-gallery-thumbnail\">\n\t\t\t<a href=\"https:\/\/www.endless-hills.de\/wp-content\/gallery\/oh-fly-me-to-the-moon\/O-Wurf-53-von-103.jpg\"\n\t\t\t\ttitle=\"\"\n\t\t\t\tdata-src=\"https:\/\/www.endless-hills.de\/wp-content\/gallery\/oh-fly-me-to-the-moon\/O-Wurf-53-von-103.jpg\"\n\t\t\t\tdata-thumbnail=\"https:\/\/www.endless-hills.de\/wp-content\/gallery\/oh-fly-me-to-the-moon\/thumbs\/thumbs_O-Wurf-53-von-103.jpg\"\n\t\t\t\tdata-image-id=\"7857\"\n\t\t\t\tdata-title=\"O Wurf - 53 von 103.jpg\"\n\t\t\t\tdata-description=\"\"\n\t\t\t\tdata-image-slug=\"o-wurf-53-von-103-jpg\"\n\t\t\t\t\t\t\t\t\t\t\t\t\t\t\t\t\t\t\t\tclass=\"shutterset_9ca087fe022f93b5b87bf8d22195c649\">\n\t\t\t\t\t\t\t\t<img\n\t\t\t\t\ttitle=\"O Wurf - 53 von 103.jpg\"\n\t\t\t\t\talt=\"O Wurf - 53 von 103.jpg\"\n\t\t\t\t\tsrc=\"https:\/\/www.endless-hills.de\/wp-content\/gallery\/oh-fly-me-to-the-moon\/thumbs\/thumbs_O-Wurf-53-von-103.jpg\"\n\t\t\t\t\twidth=\"300\"\n\t\t\t\t\theight=\"300\"\n\t\t\t\t\tstyle=\"max-width:100%;\"\n\t\t\t\t\/>\n\t\t\t<\/a>\n\t\t<\/div>\n\t\t\t\t\t\t\t<\/div>\n\t\t\t\n\t\t\t\t<div id=\"ngg-image-11\" class=\"ngg-gallery-thumbnail-box\n\t\t\t\t\t\t\t\t\t\t\t\"\n\t\t\t>\n\t\t\t\t\t\t<div class=\"ngg-gallery-thumbnail\">\n\t\t\t<a href=\"https:\/\/www.endless-hills.de\/wp-content\/gallery\/oh-fly-me-to-the-moon\/O-Wurf-95-von-103.jpg\"\n\t\t\t\ttitle=\"\"\n\t\t\t\tdata-src=\"https:\/\/www.endless-hills.de\/wp-content\/gallery\/oh-fly-me-to-the-moon\/O-Wurf-95-von-103.jpg\"\n\t\t\t\tdata-thumbnail=\"https:\/\/www.endless-hills.de\/wp-content\/gallery\/oh-fly-me-to-the-moon\/thumbs\/thumbs_O-Wurf-95-von-103.jpg\"\n\t\t\t\tdata-image-id=\"7858\"\n\t\t\t\tdata-title=\"O Wurf - 95 von 103.jpg\"\n\t\t\t\tdata-description=\"\"\n\t\t\t\tdata-image-slug=\"o-wurf-95-von-103-jpg\"\n\t\t\t\t\t\t\t\t\t\t\t\t\t\t\t\t\t\t\t\tclass=\"shutterset_9ca087fe022f93b5b87bf8d22195c649\">\n\t\t\t\t\t\t\t\t<img\n\t\t\t\t\ttitle=\"O Wurf - 95 von 103.jpg\"\n\t\t\t\t\talt=\"O Wurf - 95 von 103.jpg\"\n\t\t\t\t\tsrc=\"https:\/\/www.endless-hills.de\/wp-content\/gallery\/oh-fly-me-to-the-moon\/thumbs\/thumbs_O-Wurf-95-von-103.jpg\"\n\t\t\t\t\twidth=\"300\"\n\t\t\t\t\theight=\"300\"\n\t\t\t\t\tstyle=\"max-width:100%;\"\n\t\t\t\t\/>\n\t\t\t<\/a>\n\t\t<\/div>\n\t\t\t\t\t\t\t<\/div>\n\t\t\t\n\t\t\t\t<div id=\"ngg-image-12\" class=\"ngg-gallery-thumbnail-box\n\t\t\t\t\t\t\t\t\t\t\t\"\n\t\t\t>\n\t\t\t\t\t\t<div class=\"ngg-gallery-thumbnail\">\n\t\t\t<a href=\"https:\/\/www.endless-hills.de\/wp-content\/gallery\/oh-fly-me-to-the-moon\/O-Wurf-101-von-103.jpg\"\n\t\t\t\ttitle=\"\"\n\t\t\t\tdata-src=\"https:\/\/www.endless-hills.de\/wp-content\/gallery\/oh-fly-me-to-the-moon\/O-Wurf-101-von-103.jpg\"\n\t\t\t\tdata-thumbnail=\"https:\/\/www.endless-hills.de\/wp-content\/gallery\/oh-fly-me-to-the-moon\/thumbs\/thumbs_O-Wurf-101-von-103.jpg\"\n\t\t\t\tdata-image-id=\"7859\"\n\t\t\t\tdata-title=\"O Wurf - 101 von 103.jpg\"\n\t\t\t\tdata-description=\"\"\n\t\t\t\tdata-image-slug=\"o-wurf-101-von-103-jpg-1\"\n\t\t\t\t\t\t\t\t\t\t\t\t\t\t\t\t\t\t\t\tclass=\"shutterset_9ca087fe022f93b5b87bf8d22195c649\">\n\t\t\t\t\t\t\t\t<img\n\t\t\t\t\ttitle=\"O Wurf - 101 von 103.jpg\"\n\t\t\t\t\talt=\"O Wurf - 101 von 103.jpg\"\n\t\t\t\t\tsrc=\"https:\/\/www.endless-hills.de\/wp-content\/gallery\/oh-fly-me-to-the-moon\/thumbs\/thumbs_O-Wurf-101-von-103.jpg\"\n\t\t\t\t\twidth=\"300\"\n\t\t\t\t\theight=\"300\"\n\t\t\t\t\tstyle=\"max-width:100%;\"\n\t\t\t\t\/>\n\t\t\t<\/a>\n\t\t<\/div>\n\t\t\t\t\t\t\t<\/div>\n\t\t\t\n\t\t\t\t<div id=\"ngg-image-13\" class=\"ngg-gallery-thumbnail-box\n\t\t\t\t\t\t\t\t\t\t\t\"\n\t\t\t>\n\t\t\t\t\t\t<div class=\"ngg-gallery-thumbnail\">\n\t\t\t<a href=\"https:\/\/www.endless-hills.de\/wp-content\/gallery\/oh-fly-me-to-the-moon\/O-Wurf-96-von-138.jpg\"\n\t\t\t\ttitle=\"\"\n\t\t\t\tdata-src=\"https:\/\/www.endless-hills.de\/wp-content\/gallery\/oh-fly-me-to-the-moon\/O-Wurf-96-von-138.jpg\"\n\t\t\t\tdata-thumbnail=\"https:\/\/www.endless-hills.de\/wp-content\/gallery\/oh-fly-me-to-the-moon\/thumbs\/thumbs_O-Wurf-96-von-138.jpg\"\n\t\t\t\tdata-image-id=\"7989\"\n\t\t\t\tdata-title=\"O Wurf - 96 von 138.jpg\"\n\t\t\t\tdata-description=\"\"\n\t\t\t\tdata-image-slug=\"o-wurf-96-von-138-jpg\"\n\t\t\t\t\t\t\t\t\t\t\t\t\t\t\t\t\t\t\t\tclass=\"shutterset_9ca087fe022f93b5b87bf8d22195c649\">\n\t\t\t\t\t\t\t\t<img\n\t\t\t\t\ttitle=\"O Wurf - 96 von 138.jpg\"\n\t\t\t\t\talt=\"O Wurf - 96 von 138.jpg\"\n\t\t\t\t\tsrc=\"https:\/\/www.endless-hills.de\/wp-content\/gallery\/oh-fly-me-to-the-moon\/thumbs\/thumbs_O-Wurf-96-von-138.jpg\"\n\t\t\t\t\twidth=\"300\"\n\t\t\t\t\theight=\"300\"\n\t\t\t\t\tstyle=\"max-width:100%;\"\n\t\t\t\t\/>\n\t\t\t<\/a>\n\t\t<\/div>\n\t\t\t\t\t\t\t<\/div>\n\t\t\t\n\t\t\t\t<div id=\"ngg-image-14\" class=\"ngg-gallery-thumbnail-box\n\t\t\t\t\t\t\t\t\t\t\t\"\n\t\t\t>\n\t\t\t\t\t\t<div class=\"ngg-gallery-thumbnail\">\n\t\t\t<a href=\"https:\/\/www.endless-hills.de\/wp-content\/gallery\/oh-fly-me-to-the-moon\/O-Wurf-97-von-138.jpg\"\n\t\t\t\ttitle=\"\"\n\t\t\t\tdata-src=\"https:\/\/www.endless-hills.de\/wp-content\/gallery\/oh-fly-me-to-the-moon\/O-Wurf-97-von-138.jpg\"\n\t\t\t\tdata-thumbnail=\"https:\/\/www.endless-hills.de\/wp-content\/gallery\/oh-fly-me-to-the-moon\/thumbs\/thumbs_O-Wurf-97-von-138.jpg\"\n\t\t\t\tdata-image-id=\"7990\"\n\t\t\t\tdata-title=\"O Wurf - 97 von 138.jpg\"\n\t\t\t\tdata-description=\"\"\n\t\t\t\tdata-image-slug=\"o-wurf-97-von-138-jpg\"\n\t\t\t\t\t\t\t\t\t\t\t\t\t\t\t\t\t\t\t\tclass=\"shutterset_9ca087fe022f93b5b87bf8d22195c649\">\n\t\t\t\t\t\t\t\t<img\n\t\t\t\t\ttitle=\"O Wurf - 97 von 138.jpg\"\n\t\t\t\t\talt=\"O Wurf - 97 von 138.jpg\"\n\t\t\t\t\tsrc=\"https:\/\/www.endless-hills.de\/wp-content\/gallery\/oh-fly-me-to-the-moon\/thumbs\/thumbs_O-Wurf-97-von-138.jpg\"\n\t\t\t\t\twidth=\"300\"\n\t\t\t\t\theight=\"300\"\n\t\t\t\t\tstyle=\"max-width:100%;\"\n\t\t\t\t\/>\n\t\t\t<\/a>\n\t\t<\/div>\n\t\t\t\t\t\t\t<\/div>\n\t\t\t\n\t\t\t\t<div id=\"ngg-image-15\" class=\"ngg-gallery-thumbnail-box\n\t\t\t\t\t\t\t\t\t\t\t\"\n\t\t\t>\n\t\t\t\t\t\t<div class=\"ngg-gallery-thumbnail\">\n\t\t\t<a href=\"https:\/\/www.endless-hills.de\/wp-content\/gallery\/oh-fly-me-to-the-moon\/O-Wurf-98-von-138.jpg\"\n\t\t\t\ttitle=\"\"\n\t\t\t\tdata-src=\"https:\/\/www.endless-hills.de\/wp-content\/gallery\/oh-fly-me-to-the-moon\/O-Wurf-98-von-138.jpg\"\n\t\t\t\tdata-thumbnail=\"https:\/\/www.endless-hills.de\/wp-content\/gallery\/oh-fly-me-to-the-moon\/thumbs\/thumbs_O-Wurf-98-von-138.jpg\"\n\t\t\t\tdata-image-id=\"7991\"\n\t\t\t\tdata-title=\"O Wurf - 98 von 138.jpg\"\n\t\t\t\tdata-description=\"\"\n\t\t\t\tdata-image-slug=\"o-wurf-98-von-138-jpg\"\n\t\t\t\t\t\t\t\t\t\t\t\t\t\t\t\t\t\t\t\tclass=\"shutterset_9ca087fe022f93b5b87bf8d22195c649\">\n\t\t\t\t\t\t\t\t<img\n\t\t\t\t\ttitle=\"O Wurf - 98 von 138.jpg\"\n\t\t\t\t\talt=\"O Wurf - 98 von 138.jpg\"\n\t\t\t\t\tsrc=\"https:\/\/www.endless-hills.de\/wp-content\/gallery\/oh-fly-me-to-the-moon\/thumbs\/thumbs_O-Wurf-98-von-138.jpg\"\n\t\t\t\t\twidth=\"300\"\n\t\t\t\t\theight=\"300\"\n\t\t\t\t\tstyle=\"max-width:100%;\"\n\t\t\t\t\/>\n\t\t\t<\/a>\n\t\t<\/div>\n\t\t\t\t\t\t\t<\/div>\n\t\t\t\n\t\t\t\t<div id=\"ngg-image-16\" class=\"ngg-gallery-thumbnail-box\n\t\t\t\t\t\t\t\t\t\t\t\"\n\t\t\t>\n\t\t\t\t\t\t<div class=\"ngg-gallery-thumbnail\">\n\t\t\t<a href=\"https:\/\/www.endless-hills.de\/wp-content\/gallery\/oh-fly-me-to-the-moon\/O-Wurf-100-von-138.jpg\"\n\t\t\t\ttitle=\"\"\n\t\t\t\tdata-src=\"https:\/\/www.endless-hills.de\/wp-content\/gallery\/oh-fly-me-to-the-moon\/O-Wurf-100-von-138.jpg\"\n\t\t\t\tdata-thumbnail=\"https:\/\/www.endless-hills.de\/wp-content\/gallery\/oh-fly-me-to-the-moon\/thumbs\/thumbs_O-Wurf-100-von-138.jpg\"\n\t\t\t\tdata-image-id=\"7992\"\n\t\t\t\tdata-title=\"O Wurf - 100 von 138.jpg\"\n\t\t\t\tdata-description=\"\"\n\t\t\t\tdata-image-slug=\"o-wurf-100-von-138-jpg\"\n\t\t\t\t\t\t\t\t\t\t\t\t\t\t\t\t\t\t\t\tclass=\"shutterset_9ca087fe022f93b5b87bf8d22195c649\">\n\t\t\t\t\t\t\t\t<img\n\t\t\t\t\ttitle=\"O Wurf - 100 von 138.jpg\"\n\t\t\t\t\talt=\"O Wurf - 100 von 138.jpg\"\n\t\t\t\t\tsrc=\"https:\/\/www.endless-hills.de\/wp-content\/gallery\/oh-fly-me-to-the-moon\/thumbs\/thumbs_O-Wurf-100-von-138.jpg\"\n\t\t\t\t\twidth=\"300\"\n\t\t\t\t\theight=\"300\"\n\t\t\t\t\tstyle=\"max-width:100%;\"\n\t\t\t\t\/>\n\t\t\t<\/a>\n\t\t<\/div>\n\t\t\t\t\t\t\t<\/div>\n\t\t\t\n\t\t\t\t<div id=\"ngg-image-17\" class=\"ngg-gallery-thumbnail-box\n\t\t\t\t\t\t\t\t\t\t\t\"\n\t\t\t>\n\t\t\t\t\t\t<div class=\"ngg-gallery-thumbnail\">\n\t\t\t<a href=\"https:\/\/www.endless-hills.de\/wp-content\/gallery\/oh-fly-me-to-the-moon\/O-Wurf-107-von-138.jpg\"\n\t\t\t\ttitle=\"\"\n\t\t\t\tdata-src=\"https:\/\/www.endless-hills.de\/wp-content\/gallery\/oh-fly-me-to-the-moon\/O-Wurf-107-von-138.jpg\"\n\t\t\t\tdata-thumbnail=\"https:\/\/www.endless-hills.de\/wp-content\/gallery\/oh-fly-me-to-the-moon\/thumbs\/thumbs_O-Wurf-107-von-138.jpg\"\n\t\t\t\tdata-image-id=\"7993\"\n\t\t\t\tdata-title=\"O Wurf - 107 von 138.jpg\"\n\t\t\t\tdata-description=\"\"\n\t\t\t\tdata-image-slug=\"o-wurf-107-von-138-jpg\"\n\t\t\t\t\t\t\t\t\t\t\t\t\t\t\t\t\t\t\t\tclass=\"shutterset_9ca087fe022f93b5b87bf8d22195c649\">\n\t\t\t\t\t\t\t\t<img\n\t\t\t\t\ttitle=\"O Wurf - 107 von 138.jpg\"\n\t\t\t\t\talt=\"O Wurf - 107 von 138.jpg\"\n\t\t\t\t\tsrc=\"https:\/\/www.endless-hills.de\/wp-content\/gallery\/oh-fly-me-to-the-moon\/thumbs\/thumbs_O-Wurf-107-von-138.jpg\"\n\t\t\t\t\twidth=\"300\"\n\t\t\t\t\theight=\"300\"\n\t\t\t\t\tstyle=\"max-width:100%;\"\n\t\t\t\t\/>\n\t\t\t<\/a>\n\t\t<\/div>\n\t\t\t\t\t\t\t<\/div>\n\t\t\t\n\t\t\t\t<div id=\"ngg-image-18\" class=\"ngg-gallery-thumbnail-box\n\t\t\t\t\t\t\t\t\t\t\t\"\n\t\t\t>\n\t\t\t\t\t\t<div class=\"ngg-gallery-thumbnail\">\n\t\t\t<a href=\"https:\/\/www.endless-hills.de\/wp-content\/gallery\/oh-fly-me-to-the-moon\/O-Wurf-109-von-138.jpg\"\n\t\t\t\ttitle=\"\"\n\t\t\t\tdata-src=\"https:\/\/www.endless-hills.de\/wp-content\/gallery\/oh-fly-me-to-the-moon\/O-Wurf-109-von-138.jpg\"\n\t\t\t\tdata-thumbnail=\"https:\/\/www.endless-hills.de\/wp-content\/gallery\/oh-fly-me-to-the-moon\/thumbs\/thumbs_O-Wurf-109-von-138.jpg\"\n\t\t\t\tdata-image-id=\"7994\"\n\t\t\t\tdata-title=\"O Wurf - 109 von 138.jpg\"\n\t\t\t\tdata-description=\"\"\n\t\t\t\tdata-image-slug=\"o-wurf-109-von-138-jpg\"\n\t\t\t\t\t\t\t\t\t\t\t\t\t\t\t\t\t\t\t\tclass=\"shutterset_9ca087fe022f93b5b87bf8d22195c649\">\n\t\t\t\t\t\t\t\t<img\n\t\t\t\t\ttitle=\"O Wurf - 109 von 138.jpg\"\n\t\t\t\t\talt=\"O Wurf - 109 von 138.jpg\"\n\t\t\t\t\tsrc=\"https:\/\/www.endless-hills.de\/wp-content\/gallery\/oh-fly-me-to-the-moon\/thumbs\/thumbs_O-Wurf-109-von-138.jpg\"\n\t\t\t\t\twidth=\"300\"\n\t\t\t\t\theight=\"300\"\n\t\t\t\t\tstyle=\"max-width:100%;\"\n\t\t\t\t\/>\n\t\t\t<\/a>\n\t\t<\/div>\n\t\t\t\t\t\t\t<\/div>\n\t\t\t\n\t\t\t\t<div id=\"ngg-image-19\" class=\"ngg-gallery-thumbnail-box\n\t\t\t\t\t\t\t\t\t\t\t\"\n\t\t\t>\n\t\t\t\t\t\t<div class=\"ngg-gallery-thumbnail\">\n\t\t\t<a href=\"https:\/\/www.endless-hills.de\/wp-content\/gallery\/oh-fly-me-to-the-moon\/O-Wurf-110-von-138.jpg\"\n\t\t\t\ttitle=\"\"\n\t\t\t\tdata-src=\"https:\/\/www.endless-hills.de\/wp-content\/gallery\/oh-fly-me-to-the-moon\/O-Wurf-110-von-138.jpg\"\n\t\t\t\tdata-thumbnail=\"https:\/\/www.endless-hills.de\/wp-content\/gallery\/oh-fly-me-to-the-moon\/thumbs\/thumbs_O-Wurf-110-von-138.jpg\"\n\t\t\t\tdata-image-id=\"7995\"\n\t\t\t\tdata-title=\"O Wurf - 110 von 138.jpg\"\n\t\t\t\tdata-description=\"\"\n\t\t\t\tdata-image-slug=\"o-wurf-110-von-138-jpg\"\n\t\t\t\t\t\t\t\t\t\t\t\t\t\t\t\t\t\t\t\tclass=\"shutterset_9ca087fe022f93b5b87bf8d22195c649\">\n\t\t\t\t\t\t\t\t<img\n\t\t\t\t\ttitle=\"O Wurf - 110 von 138.jpg\"\n\t\t\t\t\talt=\"O Wurf - 110 von 138.jpg\"\n\t\t\t\t\tsrc=\"https:\/\/www.endless-hills.de\/wp-content\/gallery\/oh-fly-me-to-the-moon\/thumbs\/thumbs_O-Wurf-110-von-138.jpg\"\n\t\t\t\t\twidth=\"300\"\n\t\t\t\t\theight=\"300\"\n\t\t\t\t\tstyle=\"max-width:100%;\"\n\t\t\t\t\/>\n\t\t\t<\/a>\n\t\t<\/div>\n\t\t\t\t\t\t\t<\/div>\n\t\t\t\n\t\n\t<br style=\"clear: both\" \/>\n\n\t\t<div class=\"slideshowlink\">\n\t\t<a href='https:\/\/www.endless-hills.de\/index.php\/nggallery\/slideshow?page_id=11611'>[Zeige als Diashow]<\/a>\n\n\t<\/div>\n\t\n\t\t<!-- Pagination -->\n\t\t<div class='ngg-clear'><\/div>\t<\/div>\n<\/p>\n","protected":false},"excerpt":{"rendered":"<p>goldsable R\u00fcde geboren um 6.37 mit 260g Jasper hat eine s\u00fc\u00dfe Milchschnauze. Seine breite Halskrause macht rechts einen braunen Bogen. Er wird zuk\u00fcnftig das Leben von Fam. N. aus M\u00fcnchen neu auf den Kopf stellen und tritt in die Fu\u00dfstapfen des kleinen Sheltie Mannes Grisu, mit dem die Familie vorher viele wundervolle Stunden ihres Lebens [&hellip;]<\/p>\n","protected":false},"author":3,"featured_media":0,"parent":11595,"menu_order":6,"comment_status":"closed","ping_status":"closed","template":"","meta":{"ngg_post_thumbnail":0,"footnotes":""},"class_list":["post-11611","page","type-page","status-publish","hentry"],"_links":{"self":[{"href":"https:\/\/www.endless-hills.de\/index.php?rest_route=\/wp\/v2\/pages\/11611","targetHints":{"allow":["GET"]}}],"collection":[{"href":"https:\/\/www.endless-hills.de\/index.php?rest_route=\/wp\/v2\/pages"}],"about":[{"href":"https:\/\/www.endless-hills.de\/index.php?rest_route=\/wp\/v2\/types\/page"}],"author":[{"embeddable":true,"href":"https:\/\/www.endless-hills.de\/index.php?rest_route=\/wp\/v2\/users\/3"}],"replies":[{"embeddable":true,"href":"https:\/\/www.endless-hills.de\/index.php?rest_route=%2Fwp%2Fv2%2Fcomments&post=11611"}],"version-history":[{"count":7,"href":"https:\/\/www.endless-hills.de\/index.php?rest_route=\/wp\/v2\/pages\/11611\/revisions"}],"predecessor-version":[{"id":12182,"href":"https:\/\/www.endless-hills.de\/index.php?rest_route=\/wp\/v2\/pages\/11611\/revisions\/12182"}],"up":[{"embeddable":true,"href":"https:\/\/www.endless-hills.de\/index.php?rest_route=\/wp\/v2\/pages\/11595"}],"wp:attachment":[{"href":"https:\/\/www.endless-hills.de\/index.php?rest_route=%2Fwp%2Fv2%2Fmedia&parent=11611"}],"curies":[{"name":"wp","href":"https:\/\/api.w.org\/{rel}","templated":true}]}}