{"id":10107,"date":"2015-10-01T10:03:00","date_gmt":"2015-10-01T09:03:00","guid":{"rendered":"http:\/\/www.endless-hills.de\/?page_id=10107"},"modified":"2016-02-19T10:24:46","modified_gmt":"2016-02-19T09:24:46","slug":"night-shadow","status":"publish","type":"page","link":"https:\/\/www.endless-hills.de\/?page_id=10107","title":{"rendered":"Night Shadow"},"content":{"rendered":"<p>tricolour H\u00fcndin \u2013 Honey<\/p>\n<p>geboren am 28.09.2015<\/p>\n<p>MDR1 +\/-, DM DM\/DM, PRA N\/N, CEA DNA affected, CEA\/PRA\/KAT frei puppy test 8 Wochen, HD \u2013 folgt<\/p>\n<p>Honey ist das absolute Ebenbild ihrer Mama, wir sind schon sehr gespannt, wie sie sich so weiter entwickelt. Wir sind ganz verz\u00fcckt von ihrem liebenswerten, fr\u00f6hlichen und frechen Charakter und nat\u00fcrlich ihrer Sch\u00f6nheit. Sie wei\u00df uns alle zu nehmen \ud83d\ude09 Mensch wie Hund. \u00a0Die Zeit wird zeigen, ob wir unsere Zucht eines Tages mit ihr fortsetzen werden.<\/p>\n<p><img loading=\"lazy\" decoding=\"async\" class=\"aligncenter wp-image-12968\" src=\"http:\/\/www.endless-hills.de\/wp-content\/uploads\/2015\/10\/DSC_0974-1024x971.jpg\" alt=\"DSC_0974\" width=\"700\" height=\"663\" srcset=\"https:\/\/www.endless-hills.de\/wp-content\/uploads\/2015\/10\/DSC_0974-1024x971.jpg 1024w, https:\/\/www.endless-hills.de\/wp-content\/uploads\/2015\/10\/DSC_0974-300x284.jpg 300w, https:\/\/www.endless-hills.de\/wp-content\/uploads\/2015\/10\/DSC_0974.jpg 1973w\" sizes=\"auto, (max-width: 700px) 100vw, 700px\" \/><\/p>\n<p><p>Invalid Displayed Gallery<\/p><\/p>\n","protected":false},"excerpt":{"rendered":"<p>tricolour H\u00fcndin \u2013 Honey geboren am 28.09.2015 MDR1 +\/-, DM DM\/DM, PRA N\/N, CEA DNA affected, CEA\/PRA\/KAT frei puppy test 8 Wochen, HD \u2013 folgt Honey ist das absolute Ebenbild ihrer Mama, wir sind schon sehr gespannt, wie sie sich so weiter entwickelt. Wir sind ganz verz\u00fcckt von ihrem liebenswerten, fr\u00f6hlichen und frechen Charakter und [&hellip;]<\/p>\n","protected":false},"author":3,"featured_media":0,"parent":9799,"menu_order":2,"comment_status":"closed","ping_status":"closed","template":"","meta":{"ngg_post_thumbnail":0,"footnotes":""},"class_list":["post-10107","page","type-page","status-publish","hentry"],"_links":{"self":[{"href":"https:\/\/www.endless-hills.de\/index.php?rest_route=\/wp\/v2\/pages\/10107","targetHints":{"allow":["GET"]}}],"collection":[{"href":"https:\/\/www.endless-hills.de\/index.php?rest_route=\/wp\/v2\/pages"}],"about":[{"href":"https:\/\/www.endless-hills.de\/index.php?rest_route=\/wp\/v2\/types\/page"}],"author":[{"embeddable":true,"href":"https:\/\/www.endless-hills.de\/index.php?rest_route=\/wp\/v2\/users\/3"}],"replies":[{"embeddable":true,"href":"https:\/\/www.endless-hills.de\/index.php?rest_route=%2Fwp%2Fv2%2Fcomments&post=10107"}],"version-history":[{"count":4,"href":"https:\/\/www.endless-hills.de\/index.php?rest_route=\/wp\/v2\/pages\/10107\/revisions"}],"predecessor-version":[{"id":12969,"href":"https:\/\/www.endless-hills.de\/index.php?rest_route=\/wp\/v2\/pages\/10107\/revisions\/12969"}],"up":[{"embeddable":true,"href":"https:\/\/www.endless-hills.de\/index.php?rest_route=\/wp\/v2\/pages\/9799"}],"wp:attachment":[{"href":"https:\/\/www.endless-hills.de\/index.php?rest_route=%2Fwp%2Fv2%2Fmedia&parent=10107"}],"curies":[{"name":"wp","href":"https:\/\/api.w.org\/{rel}","templated":true}]}}